{"id":3299,"date":"2024-05-07T10:58:36","date_gmt":"2024-05-07T10:58:36","guid":{"rendered":"https:\/\/www.camping-radovljica.com\/campingplatz\/preisliste-campingplatz\/"},"modified":"2026-04-28T07:50:35","modified_gmt":"2026-04-28T07:50:35","slug":"preisliste-campingplatz","status":"publish","type":"page","link":"https:\/\/www.camping-radovljica.com\/de\/campingplatz\/preisliste-campingplatz\/","title":{"rendered":"Preisliste Campingplatz"},"content":{"rendered":"\t\t<div data-elementor-type=\"wp-page\" data-elementor-id=\"3299\" class=\"elementor elementor-3299 elementor-2133\" data-elementor-post-type=\"page\">\n\t\t\t\t<div class=\"elementor-element elementor-element-6cab741 e-con-full e-flex e-con e-parent\" data-id=\"6cab741\" data-element_type=\"container\" data-e-type=\"container\" data-settings=\"{&quot;background_background&quot;:&quot;classic&quot;}\">\n\t\t\t\t<div class=\"elementor-element elementor-element-81df02b elementor-pagination-position-inside elementor-skin-carousel elementor-pagination-type-bullets elementor-widget elementor-widget-media-carousel\" data-id=\"81df02b\" data-element_type=\"widget\" data-e-type=\"widget\" data-settings=\"{&quot;slides_per_view&quot;:&quot;1&quot;,&quot;skin&quot;:&quot;carousel&quot;,&quot;effect&quot;:&quot;slide&quot;,&quot;pagination&quot;:&quot;bullets&quot;,&quot;speed&quot;:500,&quot;autoplay&quot;:&quot;yes&quot;,&quot;autoplay_speed&quot;:5000,&quot;loop&quot;:&quot;yes&quot;,&quot;pause_on_hover&quot;:&quot;yes&quot;,&quot;pause_on_interaction&quot;:&quot;yes&quot;,&quot;space_between&quot;:{&quot;unit&quot;:&quot;px&quot;,&quot;size&quot;:10,&quot;sizes&quot;:[]},&quot;space_between_tablet&quot;:{&quot;unit&quot;:&quot;px&quot;,&quot;size&quot;:10,&quot;sizes&quot;:[]},&quot;space_between_mobile&quot;:{&quot;unit&quot;:&quot;px&quot;,&quot;size&quot;:10,&quot;sizes&quot;:[]}}\" data-widget_type=\"media-carousel.default\">\n\t\t\t\t<div class=\"elementor-widget-container\">\n\t\t\t\t\t\t\t\t\t<div class=\"elementor-swiper\">\n\t\t\t\t\t<div class=\"elementor-main-swiper swiper\" role=\"region\" aria-roledescription=\"carousel\" aria-label=\"Slides\">\n\t\t\t\t<div class=\"swiper-wrapper\">\n\t\t\t\t\t\t\t\t\t\t\t<div class=\"swiper-slide\" role=\"group\" aria-roledescription=\"slide\">\n\t\t\t\t\t\t\t\t\t<div class=\"elementor-carousel-image\" role=\"img\" aria-label=\"Camping Radovljica\" style=\"background-image: url(&#039;https:\/\/www.camping-radovljica.com\/wp-content\/uploads\/2024\/05\/DSC03356.webp&#039;)\">\n\n\t\t\t\n\t\t\t\t\t<\/div>\n\t\t\t\t\t\t\t\t<\/div>\n\t\t\t\t\t\t\t\t\t<\/div>\n\t\t\t\t\t\t\t<\/div>\n\t\t\t\t<\/div>\n\t\t\t\t\t\t\t\t<\/div>\n\t\t\t\t<\/div>\n\t\t\t\t<\/div>\n\t\t<div class=\"elementor-element elementor-element-5519610 e-flex e-con-boxed e-con e-parent\" data-id=\"5519610\" data-element_type=\"container\" data-e-type=\"container\" data-settings=\"{&quot;background_background&quot;:&quot;classic&quot;}\">\n\t\t\t\t\t<div class=\"e-con-inner\">\n\t\t\t\t<div class=\"elementor-element elementor-element-4c3fcc0 elementor-widget__width-inherit elementor-widget elementor-widget-heading\" data-id=\"4c3fcc0\" data-element_type=\"widget\" data-e-type=\"widget\" data-widget_type=\"heading.default\">\n\t\t\t\t<div class=\"elementor-widget-container\">\n\t\t\t\t\t<h2 class=\"elementor-heading-title elementor-size-default\"><span class=\"accent\">Preisliste<\/span> Campingplatz <\/h2>\t\t\t\t<\/div>\n\t\t\t\t<\/div>\n\t\t\t\t\t<\/div>\n\t\t\t\t<\/div>\n\t\t<div class=\"elementor-element elementor-element-b7e8590 e-con-full e-flex e-con e-parent\" data-id=\"b7e8590\" data-element_type=\"container\" data-e-type=\"container\">\n\t\t<div class=\"elementor-element elementor-element-b132645 e-con-full e-flex e-con e-child\" data-id=\"b132645\" data-element_type=\"container\" data-e-type=\"container\">\n\t\t<div class=\"elementor-element elementor-element-c39ba74 e-con-full e-flex e-con e-child\" data-id=\"c39ba74\" data-element_type=\"container\" data-e-type=\"container\">\n\t\t<div class=\"elementor-element elementor-element-27c5f0a e-con-full e-flex e-con e-child\" data-id=\"27c5f0a\" data-element_type=\"container\" data-e-type=\"container\">\n\t\t<div class=\"elementor-element elementor-element-66a80f1 e-con-full e-flex e-con e-child\" data-id=\"66a80f1\" data-element_type=\"container\" data-e-type=\"container\">\n\t\t\t\t<div class=\"elementor-element elementor-element-ceadd05 elementor-widget__width-initial elementor-widget elementor-widget-text-editor\" data-id=\"ceadd05\" data-element_type=\"widget\" data-e-type=\"widget\" data-widget_type=\"text-editor.default\">\n\t\t\t\t<div class=\"elementor-widget-container\">\n\t\t\t\t\t\t\t\t\t<table width=\"707\">\n<tbody>\n<tr>\n<td width=\"240\"><strong>&nbsp;<\/strong><\/td>\n<td width=\"150\">\n<p><strong><u>NEBEN-SAISON<\/u><\/strong><\/p>\n<p>4. 5. 2026<br>\u2013<br>30. 6. 2026<\/p>\n<p>1. 9. 2026<br>\u2013<br>30. 9. 2026<\/p>\n<\/td>\n<td width=\"150\">\n<p><strong><u>HAUPTSAISON<\/u><\/strong><\/p>\n<p>1. 7. 2026<br>\u2013<br>31. 8. 2026<\/p>\n<\/td>\n<td width=\"150\">\n<p><strong><u>WINTERSAISON<\/u><\/strong><\/p>\n<p>1. 10. 2025<br>\u2013<br>3. 5. 2026<\/p>\n<\/td>\n<\/tr>\n<tr>\n<td width=\"240\"><strong>ERWACHSENE \/ Nacht<\/strong><\/td>\n<td width=\"96\">16,00 \u20ac<\/td>\n<td width=\"149\">23,00 \u20ac<\/td>\n<td width=\"117\">\/<\/td>\n<\/tr>\n<tr>\n<td width=\"240\"><strong>KINDER<br>bis 2 Jahre \/ Nacht<\/strong><\/td>\n<td width=\"96\">kostenlos<\/td>\n<td width=\"149\">kostenlos<\/td>\n<td width=\"117\">\/<\/td>\n<\/tr>\n<tr>\n<td width=\"240\"><strong>KINDER<br>von 2 bis 14 Jahre \/ Nacht<\/strong><\/td>\n<td width=\"96\">6,00 \u20ac<\/td>\n<td width=\"149\">11,00 \u20ac<\/td>\n<td width=\"117\">\/<\/td>\n<\/tr>\n<tr>\n<td width=\"240\"><strong>HAUSTIERE \/ Nacht<\/strong><\/td>\n<td width=\"96\">8,00 \u20ac<\/td>\n<td width=\"149\">8,00 \u20ac<\/td>\n<td width=\"117\">\/<\/td>\n<\/tr>\n<tr>\n<td width=\"240\"><strong>BESUCHER \/ Tag<\/strong><\/td>\n<td width=\"96\">8,00 \u20ac<\/td>\n<td width=\"149\">8,00 \u20ac<\/td>\n<td width=\"117\">\/<\/td>\n<\/tr>\n<tr>\n<td width=\"240\"><strong>STROM<\/strong><\/td>\n<td width=\"96\">8,00 \u20ac<\/td>\n<td width=\"149\">8,00 \u20ac<\/td>\n<td width=\"117\">\/<\/td>\n<\/tr>\n<tr>\n<td width=\"240\"><strong>\u00dcBERNACHTPARKEN<\/strong><\/td>\n<td width=\"96\">\/<\/td>\n<td width=\"149\">\/<\/td>\n<td width=\"117\">25,00 \u20ac<\/td>\n<\/tr>\n<tr>\n<td width=\"240\"><strong>DAS HAUS RADOLCA<\/strong><\/td>\n<td width=\"96\">130,00 \u20ac<\/td>\n<td width=\"149\">200,00 \u20ac<\/td>\n<td width=\"117\">100,00 \u20ac<\/td>\n<\/tr>\n<tr>\n<td width=\"240\"><strong>VERLORENES KONTROLLARMBAND<\/strong><\/td>\n<td width=\"96\">10,00 \u20ac<\/td>\n<td width=\"149\">10,00 \u20ac<\/td>\n<td width=\"117\">10,00 \u20ac<\/td>\n<\/tr>\n<tr>\n<td width=\"240\"><strong>TOURISMUSTAXE &#8211; ERWACHSENE \/ Nacht<\/strong><\/td>\n<td width=\"96\">2,50 \u20ac<\/td>\n<td width=\"149\">2,5 \u20ac<\/td>\n<td width=\"117\">2,50 \u20ac<\/td>\n<\/tr>\n<tr>\n<td width=\"240\"><strong>TOURISMUS TAXE &#8211; KINDER<br><\/strong><strong>von 7 bis 18 Jahre \/ Nacht<\/strong><\/td>\n<td width=\"96\">1,25 \u20ac<\/td>\n<td width=\"149\">1,25 \u20ac<\/td>\n<td width=\"117\">1,25 \u20ac<\/td>\n<\/tr>\n<tr>\n<td width=\"240\"><strong>\u00dcBERWINTERUNG VON WOHNMOBILLEN \/ WOHNWAGEN<\/strong><\/td>\n<td width=\"96\">\/<\/td>\n<td width=\"149\">\/<\/td>\n<td width=\"117\">400,00 \u20ac<\/td>\n<\/tr>\n<tr>\n<td width=\"240\"><strong>WASCHM\u00dcNZEN<\/strong><\/td>\n<td width=\"96\">8,00 \u20ac<\/td>\n<td width=\"149\">8,00 \u20ac<\/td>\n<td width=\"117\">8,00 \u20ac<\/td>\n<\/tr>\n<tr>\n<td width=\"240\"><p><strong>PAUSCHALE<br>1. 4. 2026 \u2013 30. 9. 2026<\/strong><\/p>\n<p>ZZGL. TOURISMUSTAXE<\/p>\n<\/td>\n<td colspan=\"4\" width=\"467\">\n<p>2.500,00 \u20ac<\/p>\n<p>(AUF DEN PAUSCHALPREISS WERDEN KEINE ZUS\u00c4TZLICHEN RABATTE GEW\u00c4HRT)<\/p>\n<\/td>\n<\/tr>\n<\/tbody>\n<\/table>\t\t\t\t\t\t\t\t<\/div>\n\t\t\t\t<\/div>\n\t\t\t\t<div class=\"elementor-element elementor-element-6891294 elementor-widget__width-initial elementor-widget elementor-widget-text-editor\" data-id=\"6891294\" data-element_type=\"widget\" data-e-type=\"widget\" data-widget_type=\"text-editor.default\">\n\t\t\t\t<div class=\"elementor-widget-container\">\n\t\t\t\t\t\t\t\t\t<ul><li>Alle Preise verstehen sich in EUR\/Nacht und inklusive Mehrwertsteuer.\u00a0<\/li><li>Check-in: von 12:00 bis 21:00\u00a0Uhr oder nach Absprache.<\/li><li>Check-out: bis 12:00 Uhr, danach wird 1\u00a0Zusatztag berechnet (gem\u00e4\u00df Preisliste).<\/li><li>Alle G\u00e4ste des Campingplatzes haben freien Zutritt zum Schwimmbad.<\/li><li>F\u00fcr unangemeldete Besucher wird eine Geb\u00fchr von 20,00\u00a0EUR\/Besucher\/Tag berechnet.<\/li><li>F\u00fcr unangemeldete Haustiere wird eine Geb\u00fchr von 10,00\u00a0EUR\/Tier\/Tag berechnet.<\/li><li>Bei Vorlage der Camping Card International (CCI) wird nur auf die Dienstleistungen Erwachsene\/Nacht und Kinder\/Nacht ein Preisrabatt von 5\u00a0% gew\u00e4hrt.<\/li><li>Endreinigung des Mobilheims: 50,00 \u20ac<\/li><li>Das Mobilheim Radolca kann am Anreisetag ab 16:00 Uhr bezogen werden. Die Abreise ist bis 10:00 Uhr m\u00f6glich.<\/li><li>Das Haus ist komplett ausgestattet (Handt\u00fccher, Bettw\u00e4sche, Geschirrt\u00fccher, Geschirr).<\/li><\/ul>\t\t\t\t\t\t\t\t<\/div>\n\t\t\t\t<\/div>\n\t\t\t\t<div class=\"elementor-element elementor-element-b1508ee elementor-widget elementor-widget-spacer\" data-id=\"b1508ee\" data-element_type=\"widget\" data-e-type=\"widget\" data-widget_type=\"spacer.default\">\n\t\t\t\t<div class=\"elementor-widget-container\">\n\t\t\t\t\t\t\t<div class=\"elementor-spacer\">\n\t\t\t<div class=\"elementor-spacer-inner\"><\/div>\n\t\t<\/div>\n\t\t\t\t\t\t<\/div>\n\t\t\t\t<\/div>\n\t\t\t\t<div class=\"elementor-element elementor-element-c36f083 elementor-widget__width-initial elementor-widget elementor-widget-text-editor\" data-id=\"c36f083\" data-element_type=\"widget\" data-e-type=\"widget\" data-widget_type=\"text-editor.default\">\n\t\t\t\t<div class=\"elementor-widget-container\">\n\t\t\t\t\t\t\t\t\t<p>Wir behalten uns das Recht auf Preis\u00e4nderungen vor.<\/p>\t\t\t\t\t\t\t\t<\/div>\n\t\t\t\t<\/div>\n\t\t\t\t<\/div>\n\t\t\t\t<\/div>\n\t\t\t\t<\/div>\n\t\t\t\t<\/div>\n\t\t\t\t<\/div>\n\t\t\t\t<\/div>\n\t\t","protected":false},"excerpt":{"rendered":"<p>Preisliste Campingplatz &nbsp; NEBEN-SAISON 4. 5. 2026\u201330. 6. 2026 1. 9. 2026\u201330. 9. 2026 HAUPTSAISON 1. 7. 2026\u201331. 8. 2026 WINTERSAISON 1. 10. 2025\u20133. 5. 2026 ERWACHSENE \/ Nacht 16,00 \u20ac 23,00 \u20ac \/ KINDERbis 2 Jahre \/ Nacht kostenlos kostenlos \/ KINDERvon 2 bis 14 Jahre \/ Nacht 6,00 \u20ac 11,00 \u20ac \/ HAUSTIERE [&hellip;]<\/p>\n","protected":false},"author":2,"featured_media":0,"parent":3289,"menu_order":0,"comment_status":"closed","ping_status":"closed","template":"","meta":{"footnotes":""},"class_list":["post-3299","page","type-page","status-publish","hentry"],"yoast_head":"<!-- This site is optimized with the Yoast SEO plugin v27.0 - https:\/\/yoast.com\/product\/yoast-seo-wordpress\/ -->\n<title>Preisliste Campingplatz - Kamp in kopali\u0161\u010de Radovljica<\/title>\n<meta name=\"description\" content=\"Sehen Sie sich die Preisliste des Radovljica-Camps an: \u00dcbernachtungspreise, kostenloses olympisches Schwimmbad und Erm\u00e4\u00dfigungen f\u00fcr l\u00e4ngere Aufenthalte. Ideal f\u00fcr Familien und Naturliebhaber.\" \/>\n<meta name=\"robots\" content=\"index, follow, max-snippet:-1, max-image-preview:large, max-video-preview:-1\" \/>\n<link rel=\"canonical\" href=\"https:\/\/www.camping-radovljica.com\/de\/campingplatz\/preisliste-campingplatz\/\" \/>\n<meta property=\"og:locale\" content=\"de_DE\" \/>\n<meta property=\"og:type\" content=\"article\" \/>\n<meta property=\"og:title\" content=\"Preisliste Campingplatz - Kamp in kopali\u0161\u010de Radovljica\" \/>\n<meta property=\"og:description\" content=\"Sehen Sie sich die Preisliste des Radovljica-Camps an: \u00dcbernachtungspreise, kostenloses olympisches Schwimmbad und Erm\u00e4\u00dfigungen f\u00fcr l\u00e4ngere Aufenthalte. Ideal f\u00fcr Familien und Naturliebhaber.\" \/>\n<meta property=\"og:url\" content=\"https:\/\/www.camping-radovljica.com\/de\/campingplatz\/preisliste-campingplatz\/\" \/>\n<meta property=\"og:site_name\" content=\"Kamp in kopali\u0161\u010de Radovljica\" \/>\n<meta property=\"article:modified_time\" content=\"2026-04-28T07:50:35+00:00\" \/>\n<meta name=\"twitter:card\" content=\"summary_large_image\" \/>\n<meta name=\"twitter:label1\" content=\"Gesch\u00e4tzte Lesezeit\" \/>\n\t<meta name=\"twitter:data1\" content=\"2\u00a0Minuten\" \/>\n<script type=\"application\/ld+json\" class=\"yoast-schema-graph\">{\"@context\":\"https:\/\/schema.org\",\"@graph\":[{\"@type\":\"WebPage\",\"@id\":\"https:\/\/www.camping-radovljica.com\/de\/campingplatz\/preisliste-campingplatz\/\",\"url\":\"https:\/\/www.camping-radovljica.com\/de\/campingplatz\/preisliste-campingplatz\/\",\"name\":\"Preisliste Campingplatz - Kamp in kopali\u0161\u010de Radovljica\",\"isPartOf\":{\"@id\":\"https:\/\/www.camping-radovljica.com\/de\/#website\"},\"datePublished\":\"2024-05-07T10:58:36+00:00\",\"dateModified\":\"2026-04-28T07:50:35+00:00\",\"description\":\"Sehen Sie sich die Preisliste des Radovljica-Camps an: \u00dcbernachtungspreise, kostenloses olympisches Schwimmbad und Erm\u00e4\u00dfigungen f\u00fcr l\u00e4ngere Aufenthalte. Ideal f\u00fcr Familien und Naturliebhaber.\",\"breadcrumb\":{\"@id\":\"https:\/\/www.camping-radovljica.com\/de\/campingplatz\/preisliste-campingplatz\/#breadcrumb\"},\"inLanguage\":\"de\",\"potentialAction\":[{\"@type\":\"ReadAction\",\"target\":[\"https:\/\/www.camping-radovljica.com\/de\/campingplatz\/preisliste-campingplatz\/\"]}]},{\"@type\":\"BreadcrumbList\",\"@id\":\"https:\/\/www.camping-radovljica.com\/de\/campingplatz\/preisliste-campingplatz\/#breadcrumb\",\"itemListElement\":[{\"@type\":\"ListItem\",\"position\":1,\"name\":\"Home\",\"item\":\"https:\/\/www.camping-radovljica.com\/de\/\"},{\"@type\":\"ListItem\",\"position\":2,\"name\":\"Campingplatz\",\"item\":\"https:\/\/www.camping-radovljica.com\/de\/kamp\/\"},{\"@type\":\"ListItem\",\"position\":3,\"name\":\"Preisliste Campingplatz\"}]},{\"@type\":\"WebSite\",\"@id\":\"https:\/\/www.camping-radovljica.com\/de\/#website\",\"url\":\"https:\/\/www.camping-radovljica.com\/de\/\",\"name\":\"Kamp in kopali\u0161\u010de Radovljica\",\"description\":\"Kamp in kopali\u0161\u010de Radovljica\",\"publisher\":{\"@id\":\"https:\/\/www.camping-radovljica.com\/de\/#organization\"},\"potentialAction\":[{\"@type\":\"SearchAction\",\"target\":{\"@type\":\"EntryPoint\",\"urlTemplate\":\"https:\/\/www.camping-radovljica.com\/de\/?s={search_term_string}\"},\"query-input\":{\"@type\":\"PropertyValueSpecification\",\"valueRequired\":true,\"valueName\":\"search_term_string\"}}],\"inLanguage\":\"de\"},{\"@type\":\"Organization\",\"@id\":\"https:\/\/www.camping-radovljica.com\/de\/#organization\",\"name\":\"Kamp in kopali\u0161\u010de Radovljica\",\"url\":\"https:\/\/www.camping-radovljica.com\/de\/\",\"logo\":{\"@type\":\"ImageObject\",\"inLanguage\":\"de\",\"@id\":\"https:\/\/www.camping-radovljica.com\/de\/#\/schema\/logo\/image\/\",\"url\":\"https:\/\/www.camping-radovljica.com\/wp-content\/uploads\/2023\/05\/KAMP-BAZEN-RADOVLJICA-logo-2-1-e1704275987144.png\",\"contentUrl\":\"https:\/\/www.camping-radovljica.com\/wp-content\/uploads\/2023\/05\/KAMP-BAZEN-RADOVLJICA-logo-2-1-e1704275987144.png\",\"width\":861,\"height\":514,\"caption\":\"Kamp in kopali\u0161\u010de Radovljica\"},\"image\":{\"@id\":\"https:\/\/www.camping-radovljica.com\/de\/#\/schema\/logo\/image\/\"}}]}<\/script>\n<!-- \/ Yoast SEO plugin. -->","yoast_head_json":{"title":"Preisliste Campingplatz - Kamp in kopali\u0161\u010de Radovljica","description":"Sehen Sie sich die Preisliste des Radovljica-Camps an: \u00dcbernachtungspreise, kostenloses olympisches Schwimmbad und Erm\u00e4\u00dfigungen f\u00fcr l\u00e4ngere Aufenthalte. Ideal f\u00fcr Familien und Naturliebhaber.","robots":{"index":"index","follow":"follow","max-snippet":"max-snippet:-1","max-image-preview":"max-image-preview:large","max-video-preview":"max-video-preview:-1"},"canonical":"https:\/\/www.camping-radovljica.com\/de\/campingplatz\/preisliste-campingplatz\/","og_locale":"de_DE","og_type":"article","og_title":"Preisliste Campingplatz - Kamp in kopali\u0161\u010de Radovljica","og_description":"Sehen Sie sich die Preisliste des Radovljica-Camps an: \u00dcbernachtungspreise, kostenloses olympisches Schwimmbad und Erm\u00e4\u00dfigungen f\u00fcr l\u00e4ngere Aufenthalte. Ideal f\u00fcr Familien und Naturliebhaber.","og_url":"https:\/\/www.camping-radovljica.com\/de\/campingplatz\/preisliste-campingplatz\/","og_site_name":"Kamp in kopali\u0161\u010de Radovljica","article_modified_time":"2026-04-28T07:50:35+00:00","twitter_card":"summary_large_image","twitter_misc":{"Gesch\u00e4tzte Lesezeit":"2\u00a0Minuten"},"schema":{"@context":"https:\/\/schema.org","@graph":[{"@type":"WebPage","@id":"https:\/\/www.camping-radovljica.com\/de\/campingplatz\/preisliste-campingplatz\/","url":"https:\/\/www.camping-radovljica.com\/de\/campingplatz\/preisliste-campingplatz\/","name":"Preisliste Campingplatz - Kamp in kopali\u0161\u010de Radovljica","isPartOf":{"@id":"https:\/\/www.camping-radovljica.com\/de\/#website"},"datePublished":"2024-05-07T10:58:36+00:00","dateModified":"2026-04-28T07:50:35+00:00","description":"Sehen Sie sich die Preisliste des Radovljica-Camps an: \u00dcbernachtungspreise, kostenloses olympisches Schwimmbad und Erm\u00e4\u00dfigungen f\u00fcr l\u00e4ngere Aufenthalte. Ideal f\u00fcr Familien und Naturliebhaber.","breadcrumb":{"@id":"https:\/\/www.camping-radovljica.com\/de\/campingplatz\/preisliste-campingplatz\/#breadcrumb"},"inLanguage":"de","potentialAction":[{"@type":"ReadAction","target":["https:\/\/www.camping-radovljica.com\/de\/campingplatz\/preisliste-campingplatz\/"]}]},{"@type":"BreadcrumbList","@id":"https:\/\/www.camping-radovljica.com\/de\/campingplatz\/preisliste-campingplatz\/#breadcrumb","itemListElement":[{"@type":"ListItem","position":1,"name":"Home","item":"https:\/\/www.camping-radovljica.com\/de\/"},{"@type":"ListItem","position":2,"name":"Campingplatz","item":"https:\/\/www.camping-radovljica.com\/de\/kamp\/"},{"@type":"ListItem","position":3,"name":"Preisliste Campingplatz"}]},{"@type":"WebSite","@id":"https:\/\/www.camping-radovljica.com\/de\/#website","url":"https:\/\/www.camping-radovljica.com\/de\/","name":"Kamp in kopali\u0161\u010de Radovljica","description":"Kamp in kopali\u0161\u010de Radovljica","publisher":{"@id":"https:\/\/www.camping-radovljica.com\/de\/#organization"},"potentialAction":[{"@type":"SearchAction","target":{"@type":"EntryPoint","urlTemplate":"https:\/\/www.camping-radovljica.com\/de\/?s={search_term_string}"},"query-input":{"@type":"PropertyValueSpecification","valueRequired":true,"valueName":"search_term_string"}}],"inLanguage":"de"},{"@type":"Organization","@id":"https:\/\/www.camping-radovljica.com\/de\/#organization","name":"Kamp in kopali\u0161\u010de Radovljica","url":"https:\/\/www.camping-radovljica.com\/de\/","logo":{"@type":"ImageObject","inLanguage":"de","@id":"https:\/\/www.camping-radovljica.com\/de\/#\/schema\/logo\/image\/","url":"https:\/\/www.camping-radovljica.com\/wp-content\/uploads\/2023\/05\/KAMP-BAZEN-RADOVLJICA-logo-2-1-e1704275987144.png","contentUrl":"https:\/\/www.camping-radovljica.com\/wp-content\/uploads\/2023\/05\/KAMP-BAZEN-RADOVLJICA-logo-2-1-e1704275987144.png","width":861,"height":514,"caption":"Kamp in kopali\u0161\u010de Radovljica"},"image":{"@id":"https:\/\/www.camping-radovljica.com\/de\/#\/schema\/logo\/image\/"}}]}},"_links":{"self":[{"href":"https:\/\/www.camping-radovljica.com\/de\/wp-json\/wp\/v2\/pages\/3299","targetHints":{"allow":["GET"]}}],"collection":[{"href":"https:\/\/www.camping-radovljica.com\/de\/wp-json\/wp\/v2\/pages"}],"about":[{"href":"https:\/\/www.camping-radovljica.com\/de\/wp-json\/wp\/v2\/types\/page"}],"author":[{"embeddable":true,"href":"https:\/\/www.camping-radovljica.com\/de\/wp-json\/wp\/v2\/users\/2"}],"replies":[{"embeddable":true,"href":"https:\/\/www.camping-radovljica.com\/de\/wp-json\/wp\/v2\/comments?post=3299"}],"version-history":[{"count":58,"href":"https:\/\/www.camping-radovljica.com\/de\/wp-json\/wp\/v2\/pages\/3299\/revisions"}],"predecessor-version":[{"id":4824,"href":"https:\/\/www.camping-radovljica.com\/de\/wp-json\/wp\/v2\/pages\/3299\/revisions\/4824"}],"up":[{"embeddable":true,"href":"https:\/\/www.camping-radovljica.com\/de\/wp-json\/wp\/v2\/pages\/3289"}],"wp:attachment":[{"href":"https:\/\/www.camping-radovljica.com\/de\/wp-json\/wp\/v2\/media?parent=3299"}],"curies":[{"name":"wp","href":"https:\/\/api.w.org\/{rel}","templated":true}]}}