{"id":3306,"date":"2024-06-13T12:49:45","date_gmt":"2024-06-13T12:49:45","guid":{"rendered":"https:\/\/www.camping-radovljica.com\/cookies\/"},"modified":"2025-03-18T12:41:32","modified_gmt":"2025-03-18T12:41:32","slug":"cookies","status":"publish","type":"page","link":"https:\/\/www.camping-radovljica.com\/de\/cookies\/","title":{"rendered":"Cookies"},"content":{"rendered":"\t\t<div data-elementor-type=\"wp-page\" data-elementor-id=\"3306\" class=\"elementor elementor-3306 elementor-2373\" data-elementor-post-type=\"page\">\n\t\t\t\t<div class=\"elementor-element elementor-element-285cf73 e-flex e-con-boxed e-con e-parent\" data-id=\"285cf73\" data-element_type=\"container\" data-e-type=\"container\">\n\t\t\t\t\t<div class=\"e-con-inner\">\n\t\t\t\t<div class=\"elementor-element elementor-element-0aa40ba elementor-widget elementor-widget-text-editor\" data-id=\"0aa40ba\" data-element_type=\"widget\" data-e-type=\"widget\" data-widget_type=\"text-editor.default\">\n\t\t\t\t<div class=\"elementor-widget-container\">\n\t\t\t\t\t\t\t\t\t<h2 class=\"cookie-policy-h1\"><span style=\"color: #000000;\">Cookie-Richtlinie<br \/><br \/><\/span><\/h2><p>Datum des Inkrafttretens: 13. Juni 2024. Letzte Aktualisierung: 13. Juni 2024<\/p><h5>Was sind Cookies?<br \/><br \/><\/h5><div class=\"cookie-policy-p\">Diese Cookie-Richtlinie erkl\u00e4rt, was Cookies sind und wie wir sie verwenden, welche Arten von Cookies wir verwenden, d. h. welche Informationen wir durch Cookies sammeln und wie diese Informationen verwendet werden und wie Sie die Cookie-Einstellungen verwalten. Cookies sind kleine Textdateien, die dazu dienen, kleine Informationen zu speichern. Wenn eine Website in Ihren Browser geladen wird, wird sie auf Ihrem Ger\u00e4t gespeichert. Diese Cookies helfen uns, das ordnungsgem\u00e4\u00dfe Funktionieren der Website, ihre bessere Sicherheit, ein besseres Benutzererlebnis und ein besseres Verst\u00e4ndnis der Funktionsweise der Website sicherzustellen und zu analysieren, was funktioniert und wo Verbesserungen vorgenommen werden m\u00fcssen.<\/div><p>\u00a0<\/p><h5>Wie verwenden wir Cookies?<br \/><br \/><\/h5><div class=\"cookie-policy-p\">Wie die meisten Online-Dienste verwendet unsere Website f\u00fcr verschiedene Zwecke eigene Cookies und Cookies von Drittanbietern. Erstanbieter-Cookies sind in den meisten F\u00e4llen f\u00fcr die ordnungsgem\u00e4\u00dfe Funktion der Website erforderlich und erfassen keine Ihrer pers\u00f6nlichen Daten. Die auf unserer Website verwendeten Cookies von Drittanbietern dienen haupts\u00e4chlich dazu, die Funktionsweise der Website und Ihre Interaktion mit unserer Website zu verstehen, die Sicherheit unserer Dienste zu gew\u00e4hrleisten, Ihnen f\u00fcr Sie relevante Werbung bereitzustellen und Ihnen im Allgemeinen Werbung bereitzustellen ein besserer und verbesserter Benutzer. Erfahrung und tr\u00e4gt dazu bei, Ihre zuk\u00fcnftigen Interaktionen mit unserer Website zu beschleunigen.<\/div><p>\u00a0<\/p><h5>Cookies, die wir verwenden<br \/><br \/><\/h5><div class=\"cky-audit-table-element\">\u00a0<\/div><p>\u00a0<\/p><h5 style=\"margin-bottom: 20px;\">Cookie-Einstellungen verwalten<\/h5><p><a class=\"cky-banner-element\"> Cookie-Einstellungen<\/a><\/p><div>Sie k\u00f6nnen Ihre Cookie-Einstellungen jederzeit \u00e4ndern, indem Sie auf die Schaltfl\u00e4che oben klicken. Dadurch k\u00f6nnen Sie das Cookie-Einwilligungsbanner erneut aufrufen und Ihre Einstellungen \u00e4ndern oder Ihre Einwilligung sofort widerrufen. Dar\u00fcber hinaus bieten verschiedene Browser unterschiedliche Methoden zum Blockieren und L\u00f6schen von Cookies, die von Websites verwendet werden. Sie k\u00f6nnen Ihre Browsereinstellungen \u00e4ndern, um Cookies zu blockieren\/l\u00f6schen. Nachfolgend finden Sie Links zu unterst\u00fctzenden Dokumenten zum Verwalten und L\u00f6schen von Cookies in den wichtigsten Webbrowsern.<a href=\"https:\/\/support.google.com\/accounts\/answer\/32050\" target=\"_blank\" rel=\"noopener\">https:\/\/support.google.com\/accounts\/answer\/32050<\/a> Safari: <a href=\"https:\/\/support.apple.com\/en-in\/guide\/safari\/sfri11471\/mac\" target=\"_blank\" rel=\"noopener\">https:\/\/support.apple.com\/en-in\/guide\/safari\/sfri11471\/mac<\/a> Firefox: <a href=\"https:\/\/support.mozilla.org\/en-US\/kb\/clear-cookies-and-site-data-firefox?redirectslug=delete-cookies-remove-info-websites-stored&amp;redirectlocale=en-US\" target=\"_blank\" rel=\"noopener\">https:\/\/support.mozilla.org\/en-US\/kb\/clear-cookies-and-site-data-firefox?redirectslug=delete-cookies-remove-info-websites-storedredirectlocale=en-US<\/a> Internet Explorer: <a href=\"https:\/\/support.microsoft.com\/en-us\/topic\/how-to-delete-cookie-files-in-internet-explorer-bca9446f-d873-78de-77ba-d42645fa52fc\" target=\"_blank\" rel=\"noopener\">https:\/\/support.microsoft.com\/en-us\/topic\/how-to-delete-cookie-files-in-internet-explorer-bca9446f-d873-78de-77ba-d42645fa52fc<\/a> If you are using any other web browser, please visit your browser\u2019s official support documents.<\/div><p>\u00a0<\/p><p class=\"cookie-policy-p\">Cookie-Richtlinie erstellt von <a href=\"https:\/\/www.cookieyes.com\/?utm_source=CP&amp;utm_medium=footer&amp;utm_campaign=UW\" target=\"_blank\" rel=\"noopener\">CookieYes &#8211; Cookie Policy Generator<\/a>.<\/p>\t\t\t\t\t\t\t\t<\/div>\n\t\t\t\t<\/div>\n\t\t\t\t\t<\/div>\n\t\t\t\t<\/div>\n\t\t\t\t<\/div>\n\t\t","protected":false},"excerpt":{"rendered":"<p>Cookie-Richtlinie Datum des Inkrafttretens: 13. Juni 2024. Letzte Aktualisierung: 13. Juni 2024 Was sind Cookies? Diese Cookie-Richtlinie erkl\u00e4rt, was Cookies sind und wie wir sie verwenden, welche Arten von Cookies wir verwenden, d. h. welche Informationen wir durch Cookies sammeln und wie diese Informationen verwendet werden und wie Sie die Cookie-Einstellungen verwalten. Cookies sind kleine [&hellip;]<\/p>\n","protected":false},"author":2,"featured_media":0,"parent":0,"menu_order":0,"comment_status":"closed","ping_status":"closed","template":"","meta":{"footnotes":""},"class_list":["post-3306","page","type-page","status-publish","hentry"],"yoast_head":"<!-- This site is optimized with the Yoast SEO plugin v27.0 - https:\/\/yoast.com\/product\/yoast-seo-wordpress\/ -->\n<title>Cookies - Kamp in kopali\u0161\u010de Radovljica<\/title>\n<meta name=\"robots\" content=\"index, follow, max-snippet:-1, max-image-preview:large, max-video-preview:-1\" \/>\n<link rel=\"canonical\" href=\"https:\/\/www.camping-radovljica.com\/de\/cookies\/\" \/>\n<meta property=\"og:locale\" content=\"de_DE\" \/>\n<meta property=\"og:type\" content=\"article\" \/>\n<meta property=\"og:title\" content=\"Cookies - Kamp in kopali\u0161\u010de Radovljica\" \/>\n<meta property=\"og:description\" content=\"Cookie-Richtlinie Datum des Inkrafttretens: 13. Juni 2024. Letzte Aktualisierung: 13. Juni 2024 Was sind Cookies? Diese Cookie-Richtlinie erkl\u00e4rt, was Cookies sind und wie wir sie verwenden, welche Arten von Cookies wir verwenden, d. h. welche Informationen wir durch Cookies sammeln und wie diese Informationen verwendet werden und wie Sie die Cookie-Einstellungen verwalten. Cookies sind kleine [&hellip;]\" \/>\n<meta property=\"og:url\" content=\"https:\/\/www.camping-radovljica.com\/de\/cookies\/\" \/>\n<meta property=\"og:site_name\" content=\"Kamp in kopali\u0161\u010de Radovljica\" \/>\n<meta property=\"article:modified_time\" content=\"2025-03-18T12:41:32+00:00\" \/>\n<meta name=\"twitter:card\" content=\"summary_large_image\" \/>\n<meta name=\"twitter:label1\" content=\"Gesch\u00e4tzte Lesezeit\" \/>\n\t<meta name=\"twitter:data1\" content=\"2\u00a0Minuten\" \/>\n<script type=\"application\/ld+json\" class=\"yoast-schema-graph\">{\"@context\":\"https:\/\/schema.org\",\"@graph\":[{\"@type\":\"WebPage\",\"@id\":\"https:\/\/www.camping-radovljica.com\/de\/cookies\/\",\"url\":\"https:\/\/www.camping-radovljica.com\/de\/cookies\/\",\"name\":\"Cookies - Kamp in kopali\u0161\u010de Radovljica\",\"isPartOf\":{\"@id\":\"https:\/\/www.camping-radovljica.com\/de\/#website\"},\"datePublished\":\"2024-06-13T12:49:45+00:00\",\"dateModified\":\"2025-03-18T12:41:32+00:00\",\"breadcrumb\":{\"@id\":\"https:\/\/www.camping-radovljica.com\/de\/cookies\/#breadcrumb\"},\"inLanguage\":\"de\",\"potentialAction\":[{\"@type\":\"ReadAction\",\"target\":[\"https:\/\/www.camping-radovljica.com\/de\/cookies\/\"]}]},{\"@type\":\"BreadcrumbList\",\"@id\":\"https:\/\/www.camping-radovljica.com\/de\/cookies\/#breadcrumb\",\"itemListElement\":[{\"@type\":\"ListItem\",\"position\":1,\"name\":\"Home\",\"item\":\"https:\/\/www.camping-radovljica.com\/de\/\"},{\"@type\":\"ListItem\",\"position\":2,\"name\":\"Cookies\"}]},{\"@type\":\"WebSite\",\"@id\":\"https:\/\/www.camping-radovljica.com\/de\/#website\",\"url\":\"https:\/\/www.camping-radovljica.com\/de\/\",\"name\":\"Kamp in kopali\u0161\u010de Radovljica\",\"description\":\"Kamp in kopali\u0161\u010de Radovljica\",\"publisher\":{\"@id\":\"https:\/\/www.camping-radovljica.com\/de\/#organization\"},\"potentialAction\":[{\"@type\":\"SearchAction\",\"target\":{\"@type\":\"EntryPoint\",\"urlTemplate\":\"https:\/\/www.camping-radovljica.com\/de\/?s={search_term_string}\"},\"query-input\":{\"@type\":\"PropertyValueSpecification\",\"valueRequired\":true,\"valueName\":\"search_term_string\"}}],\"inLanguage\":\"de\"},{\"@type\":\"Organization\",\"@id\":\"https:\/\/www.camping-radovljica.com\/de\/#organization\",\"name\":\"Kamp in kopali\u0161\u010de Radovljica\",\"url\":\"https:\/\/www.camping-radovljica.com\/de\/\",\"logo\":{\"@type\":\"ImageObject\",\"inLanguage\":\"de\",\"@id\":\"https:\/\/www.camping-radovljica.com\/de\/#\/schema\/logo\/image\/\",\"url\":\"https:\/\/www.camping-radovljica.com\/wp-content\/uploads\/2023\/05\/KAMP-BAZEN-RADOVLJICA-logo-2-1-e1704275987144.png\",\"contentUrl\":\"https:\/\/www.camping-radovljica.com\/wp-content\/uploads\/2023\/05\/KAMP-BAZEN-RADOVLJICA-logo-2-1-e1704275987144.png\",\"width\":861,\"height\":514,\"caption\":\"Kamp in kopali\u0161\u010de Radovljica\"},\"image\":{\"@id\":\"https:\/\/www.camping-radovljica.com\/de\/#\/schema\/logo\/image\/\"}}]}<\/script>\n<!-- \/ Yoast SEO plugin. -->","yoast_head_json":{"title":"Cookies - Kamp in kopali\u0161\u010de Radovljica","robots":{"index":"index","follow":"follow","max-snippet":"max-snippet:-1","max-image-preview":"max-image-preview:large","max-video-preview":"max-video-preview:-1"},"canonical":"https:\/\/www.camping-radovljica.com\/de\/cookies\/","og_locale":"de_DE","og_type":"article","og_title":"Cookies - Kamp in kopali\u0161\u010de Radovljica","og_description":"Cookie-Richtlinie Datum des Inkrafttretens: 13. Juni 2024. Letzte Aktualisierung: 13. Juni 2024 Was sind Cookies? Diese Cookie-Richtlinie erkl\u00e4rt, was Cookies sind und wie wir sie verwenden, welche Arten von Cookies wir verwenden, d. h. welche Informationen wir durch Cookies sammeln und wie diese Informationen verwendet werden und wie Sie die Cookie-Einstellungen verwalten. Cookies sind kleine [&hellip;]","og_url":"https:\/\/www.camping-radovljica.com\/de\/cookies\/","og_site_name":"Kamp in kopali\u0161\u010de Radovljica","article_modified_time":"2025-03-18T12:41:32+00:00","twitter_card":"summary_large_image","twitter_misc":{"Gesch\u00e4tzte Lesezeit":"2\u00a0Minuten"},"schema":{"@context":"https:\/\/schema.org","@graph":[{"@type":"WebPage","@id":"https:\/\/www.camping-radovljica.com\/de\/cookies\/","url":"https:\/\/www.camping-radovljica.com\/de\/cookies\/","name":"Cookies - Kamp in kopali\u0161\u010de Radovljica","isPartOf":{"@id":"https:\/\/www.camping-radovljica.com\/de\/#website"},"datePublished":"2024-06-13T12:49:45+00:00","dateModified":"2025-03-18T12:41:32+00:00","breadcrumb":{"@id":"https:\/\/www.camping-radovljica.com\/de\/cookies\/#breadcrumb"},"inLanguage":"de","potentialAction":[{"@type":"ReadAction","target":["https:\/\/www.camping-radovljica.com\/de\/cookies\/"]}]},{"@type":"BreadcrumbList","@id":"https:\/\/www.camping-radovljica.com\/de\/cookies\/#breadcrumb","itemListElement":[{"@type":"ListItem","position":1,"name":"Home","item":"https:\/\/www.camping-radovljica.com\/de\/"},{"@type":"ListItem","position":2,"name":"Cookies"}]},{"@type":"WebSite","@id":"https:\/\/www.camping-radovljica.com\/de\/#website","url":"https:\/\/www.camping-radovljica.com\/de\/","name":"Kamp in kopali\u0161\u010de Radovljica","description":"Kamp in kopali\u0161\u010de Radovljica","publisher":{"@id":"https:\/\/www.camping-radovljica.com\/de\/#organization"},"potentialAction":[{"@type":"SearchAction","target":{"@type":"EntryPoint","urlTemplate":"https:\/\/www.camping-radovljica.com\/de\/?s={search_term_string}"},"query-input":{"@type":"PropertyValueSpecification","valueRequired":true,"valueName":"search_term_string"}}],"inLanguage":"de"},{"@type":"Organization","@id":"https:\/\/www.camping-radovljica.com\/de\/#organization","name":"Kamp in kopali\u0161\u010de Radovljica","url":"https:\/\/www.camping-radovljica.com\/de\/","logo":{"@type":"ImageObject","inLanguage":"de","@id":"https:\/\/www.camping-radovljica.com\/de\/#\/schema\/logo\/image\/","url":"https:\/\/www.camping-radovljica.com\/wp-content\/uploads\/2023\/05\/KAMP-BAZEN-RADOVLJICA-logo-2-1-e1704275987144.png","contentUrl":"https:\/\/www.camping-radovljica.com\/wp-content\/uploads\/2023\/05\/KAMP-BAZEN-RADOVLJICA-logo-2-1-e1704275987144.png","width":861,"height":514,"caption":"Kamp in kopali\u0161\u010de Radovljica"},"image":{"@id":"https:\/\/www.camping-radovljica.com\/de\/#\/schema\/logo\/image\/"}}]}},"_links":{"self":[{"href":"https:\/\/www.camping-radovljica.com\/de\/wp-json\/wp\/v2\/pages\/3306","targetHints":{"allow":["GET"]}}],"collection":[{"href":"https:\/\/www.camping-radovljica.com\/de\/wp-json\/wp\/v2\/pages"}],"about":[{"href":"https:\/\/www.camping-radovljica.com\/de\/wp-json\/wp\/v2\/types\/page"}],"author":[{"embeddable":true,"href":"https:\/\/www.camping-radovljica.com\/de\/wp-json\/wp\/v2\/users\/2"}],"replies":[{"embeddable":true,"href":"https:\/\/www.camping-radovljica.com\/de\/wp-json\/wp\/v2\/comments?post=3306"}],"version-history":[{"count":6,"href":"https:\/\/www.camping-radovljica.com\/de\/wp-json\/wp\/v2\/pages\/3306\/revisions"}],"predecessor-version":[{"id":4015,"href":"https:\/\/www.camping-radovljica.com\/de\/wp-json\/wp\/v2\/pages\/3306\/revisions\/4015"}],"wp:attachment":[{"href":"https:\/\/www.camping-radovljica.com\/de\/wp-json\/wp\/v2\/media?parent=3306"}],"curies":[{"name":"wp","href":"https:\/\/api.w.org\/{rel}","templated":true}]}}