{"id":3308,"date":"2024-05-07T13:49:01","date_gmt":"2024-05-07T13:49:01","guid":{"rendered":"https:\/\/www.camping-radovljica.com\/schutz-personenbezogener-daten\/"},"modified":"2024-07-22T12:28:06","modified_gmt":"2024-07-22T12:28:06","slug":"schutz-personenbezogener-daten","status":"publish","type":"page","link":"https:\/\/www.camping-radovljica.com\/de\/schutz-personenbezogener-daten\/","title":{"rendered":"Schutz personenbezogener Daten"},"content":{"rendered":"\t\t<div data-elementor-type=\"wp-page\" data-elementor-id=\"3308\" class=\"elementor elementor-3308 elementor-2280\" data-elementor-post-type=\"page\">\n\t\t\t\t<div class=\"elementor-element elementor-element-001d5c3 e-flex e-con-boxed e-con e-parent\" data-id=\"001d5c3\" data-element_type=\"container\" data-e-type=\"container\">\n\t\t\t\t\t<div class=\"e-con-inner\">\n\t\t\t\t<div class=\"elementor-element elementor-element-2ff8741 elementor-widget elementor-widget-heading\" data-id=\"2ff8741\" data-element_type=\"widget\" data-e-type=\"widget\" data-widget_type=\"heading.default\">\n\t\t\t\t<div class=\"elementor-widget-container\">\n\t\t\t\t\t<h1 class=\"elementor-heading-title elementor-size-default\">MITTEILUNG AN PERSONEN \u00dcBER DIE VERARBEITUNG PERSONENBEZOGENER DATEN IM VIDEO\u00dcBERWACHUNGSREGISTER (ART. 76 DES GESETZES ZUM SCHUTZ PERSONENBEZOGENER DATEN ZVOP-2)<\/h1>\t\t\t\t<\/div>\n\t\t\t\t<\/div>\n\t\t\t\t<div class=\"elementor-element elementor-element-0bd2f2d elementor-widget elementor-widget-text-editor\" data-id=\"0bd2f2d\" data-element_type=\"widget\" data-e-type=\"widget\" data-widget_type=\"text-editor.default\">\n\t\t\t\t<div class=\"elementor-widget-container\">\n\t\t\t\t\t\t\t\t\t<ul>\n<li>\n<p align=\"justify\"><b>Verantwortlicher f\u00fcr die Sammlung personenbezogener Daten<\/b>: Gemeine Radovljica, Gorenjska cesta 19, 4240 Radovljica<\/p>\n<\/li>\n<li>\n<p align=\"justify\"><b>Kontaktdaten des Datenschutzbeauftragten (DPO)<\/b>: dpo@virtuo.si<\/p>\n<\/li>\n<li>\n<p align=\"justify\"><b>Informationen \u00fcber das Recht, eine Beschwerde bei der Aufsichtsbeh\u00f6rde einzureichen<\/b>: Sie k\u00f6nnen eine Beschwerde beim Datenschutzbeauftragten einreichen (Adresse: Datenschutzbeauftragter, Dunajska 22, 1000 Ljubljana, E-Mail: <a href=\"mailto:gp.ip@ip-rs.si\"><span style=\"color: #0563c1;\"><u>gp.ip@ip-rs.si<\/u><\/span><\/a> telefon: 012309730, Website: <a href=\"http:\/\/www.ip-rs.si\/\"><span style=\"color: #0563c1;\"><u>www.ip-rs.si<\/u><\/span><\/a>).<\/p>\n<\/li>\n<li>\n<p align=\"justify\"><b>Zweck der Verarbeitung der personenbezogenen Daten:<\/b> Das Video\u00fcberwachungssystem dient dem Schutz der Personen und des Eigentums des Personals und der Besucher des Schwimmbads und des Campingplatzes sowie dem Schutz des \u00f6ffentlichen Eigentums der Gemeinde vor Vandalismus und Zerst\u00f6rung:<\/p>\n<ul>\n<li style=\"list-style-type: none;\">\n<ol type=\"a\">\n<li>\n<p align=\"justify\">von kommunalen Einrichtungen (Schwimmbad, Restaurant, Campingplatz),<\/p>\n<\/li>\n<\/ol>\n<\/li>\n<\/ul>\n<\/li>\n<\/ul>\n<ul>\n<li>\n<p align=\"justify\"><b>Rechtsgrundlage f\u00fcr die Verarbeitung personenbezogener Daten<\/b>: Pkt. e) Art. 6 der Allgemeinen Datenschutzverordnung in Verbindung mit den Artikeln 76, 77 und 78. des ZVOP-2<\/p>\n<\/li>\n<li>\n<p align=\"justify\"><b>Begr\u00fcndung legitimer Interessen<\/b>: \/<\/p>\n<\/li>\n<li>\n<p align=\"justify\"><b>Nutzer <\/b>oder <b>Kategorien von Nutzern personenbezogener Daten, falls zutreffend<\/b>: Auf ausdr\u00fcckliche Forderung, Nutzer, die eine gesetzliche Grundlage (z. B. die Polizei), die pers\u00f6nliche Zustimmung der Person oder ein Vertragsverh\u00e4ltnis f\u00fcr die Erhebung personenbezogener Daten haben.<\/p>\n<\/li>\n<li>\n<p align=\"justify\"><b>Angaben zur \u00dcbermittlung personenbezogener Daten an ein Drittland oder eine internationale Organisation<\/b>: Die Daten werden nicht an Drittl\u00e4nder oder internationale Organisationen \u00fcbermittelt.<\/p>\n<\/li>\n<li>\n<p align=\"justify\"><b>Aufbewahrungsfrist f\u00fcr personenbezogene Daten<\/b>: Video\u00fcberwachungsaufzeichnungen werden 14 Tage ab dem Zeitpunkt der Aufzeichnung aufbewahrt.<\/p>\n<\/li>\n<li>\n<p align=\"justify\"><span style=\"color: #000000;\"><b>Information \u00fcber das Bestehen von Auskunftsrechten und das Recht auf Berichtigung oder L\u00f6schung personenbezogener Daten oder auf Einschr\u00e4nkung oder das Widerspruchsrecht der Verarbeitung personenbezogener Daten und das Recht auf Daten\u00fcbertragbarkeit:<\/b><\/span> <span style=\"color: #000000;\">Personen haben das Recht auf Auskunft \u00fcber sie betreffende Daten, das Recht auf Berichtigung, das Recht auf L\u00f6schung (\u201eRecht auf Vergessen\u201c), das Recht auf Einschr\u00e4nkung der Verarbeitung, das Recht auf Daten\u00fcbertragbarkeit, das Widerspruchsrecht und das Recht auf Beschwerde gegen die Verarbeitung personenbezogener Daten.<\/span><\/p>\n<\/li>\n<li>\n<p align=\"justify\"><span style=\"color: #000000;\"><b>Informationen \u00fcber das Recht auf Widerruf der Einwilligung, wenn die Verarbeitung auf einer Einwilligung beruht:<\/b><\/span> <span style=\"color: #000000;\">Die Verarbeitung beruht nicht auf der Einwilligung durch Personen.<\/span><\/p>\n<\/li>\n<li>\n<p align=\"justify\"><span style=\"color: #000000;\"><b>Informationen dar\u00fcber:<\/p>\n<p><\/b><\/span><\/p>\n<ul>\n<li>\n<p align=\"justify\"><span style=\"color: #000000;\">ob die Bereitstellung der personenbezogenen Daten<\/span> <span style=\"color: #000000;\"><b>eine gesetzliche oder vertragliche Pflicht darstellt:<\/b><\/span> <span style=\"color: #000000;\">Nein.<\/span><\/p>\n<p><i> <\/i><\/p>\n<\/li>\n<li>\n<p align=\"justify\"><span style=\"color: #000000;\">Ob eine <\/span><span style=\"color: #000000;\"><b>Person verpflichtet ist, die personenbezogenen Daten bereitzustellen, <\/b><\/span><span style=\"color: #000000;\">und \u00fcber die m\u00f6glichen Folgen,<\/span> <b><span style=\"color: #000000;\">wenn die Person sie nicht bereitstellt:<\/span><\/b> <span style=\"color: #000000;\">Die Bereitstellung der Daten ist nicht verpflichtend. Wenn die Person die Daten nicht bereitstellt, ist der Zugang zum video\u00fcberwachten Bereich nicht m\u00f6glich. <\/span><\/p>\n<\/li>\n<\/ul>\n<\/li>\n<li>\n<p align=\"justify\"><span style=\"color: #000000;\"><b>Information \u00fcber die Existenz einer automatisierten Entscheidungsfindung einschlie\u00dflich Profiling:<\/b><\/span> <span style=\"color: #000000;\">Es findet keine automatisierte Entscheidungsfindung und\/oder Profiling statt.<\/span> <\/p>\n<\/li>\n<li>\n<p align=\"justify\"><span style=\"color: #000000;\"><b>Besondere Auswirkungen der Verarbeitung: <\/b><\/span><span style=\"color: #000000;\">M\u00f6glichkeit der nachtr\u00e4glichen Einsichtnahme in die Aufzeichnungen und Erstellung von Ausz\u00fcgen f\u00fcr berechtigte Nutzer (z. B. Polizei).<\/span><\/p>\n<\/li>\n<li>\n<p align=\"justify\"><span style=\"color: #000000;\"><b>Ungew\u00f6hnliche Folgeverarbeitung: <\/b><\/span><span style=\"color: #000000;\">keine.<\/span><\/p>\n<\/li>\n<\/ul>\n\t\t\t\t\t\t\t\t<\/div>\n\t\t\t\t<\/div>\n\t\t\t\t\t<\/div>\n\t\t\t\t<\/div>\n\t\t\t\t<\/div>\n\t\t","protected":false},"excerpt":{"rendered":"<p>MITTEILUNG AN PERSONEN \u00dcBER DIE VERARBEITUNG PERSONENBEZOGENER DATEN IM VIDEO\u00dcBERWACHUNGSREGISTER (ART. 76 DES GESETZES ZUM SCHUTZ PERSONENBEZOGENER DATEN ZVOP-2) Verantwortlicher f\u00fcr die Sammlung personenbezogener Daten: Gemeine Radovljica, Gorenjska cesta 19, 4240 Radovljica Kontaktdaten des Datenschutzbeauftragten (DPO): dpo@virtuo.si Informationen \u00fcber das Recht, eine Beschwerde bei der Aufsichtsbeh\u00f6rde einzureichen: Sie k\u00f6nnen eine Beschwerde beim Datenschutzbeauftragten einreichen (Adresse: [&hellip;]<\/p>\n","protected":false},"author":2,"featured_media":0,"parent":0,"menu_order":0,"comment_status":"closed","ping_status":"closed","template":"","meta":{"footnotes":""},"class_list":["post-3308","page","type-page","status-publish","hentry"],"yoast_head":"<!-- This site is optimized with the Yoast SEO plugin v27.0 - https:\/\/yoast.com\/product\/yoast-seo-wordpress\/ -->\n<title>Schutz personenbezogener Daten - Kamp in kopali\u0161\u010de Radovljica<\/title>\n<meta name=\"description\" content=\"Erfahren Sie mehr \u00fcber unsere Datenschutzrichtlinie: wie wir Ihre personenbezogenen Daten erfassen, verwenden und sch\u00fctzen.\" \/>\n<meta name=\"robots\" content=\"index, follow, max-snippet:-1, max-image-preview:large, max-video-preview:-1\" \/>\n<link rel=\"canonical\" href=\"https:\/\/www.camping-radovljica.com\/de\/schutz-personenbezogener-daten\/\" \/>\n<meta property=\"og:locale\" content=\"de_DE\" \/>\n<meta property=\"og:type\" content=\"article\" \/>\n<meta property=\"og:title\" content=\"Schutz personenbezogener Daten - Kamp in kopali\u0161\u010de Radovljica\" \/>\n<meta property=\"og:description\" content=\"Erfahren Sie mehr \u00fcber unsere Datenschutzrichtlinie: wie wir Ihre personenbezogenen Daten erfassen, verwenden und sch\u00fctzen.\" \/>\n<meta property=\"og:url\" content=\"https:\/\/www.camping-radovljica.com\/de\/schutz-personenbezogener-daten\/\" \/>\n<meta property=\"og:site_name\" content=\"Kamp in kopali\u0161\u010de Radovljica\" \/>\n<meta property=\"article:modified_time\" content=\"2024-07-22T12:28:06+00:00\" \/>\n<meta name=\"twitter:card\" content=\"summary_large_image\" \/>\n<meta name=\"twitter:label1\" content=\"Gesch\u00e4tzte Lesezeit\" \/>\n\t<meta name=\"twitter:data1\" content=\"2\u00a0Minuten\" \/>\n<script type=\"application\/ld+json\" class=\"yoast-schema-graph\">{\"@context\":\"https:\/\/schema.org\",\"@graph\":[{\"@type\":\"WebPage\",\"@id\":\"https:\/\/www.camping-radovljica.com\/de\/schutz-personenbezogener-daten\/\",\"url\":\"https:\/\/www.camping-radovljica.com\/de\/schutz-personenbezogener-daten\/\",\"name\":\"Schutz personenbezogener Daten - Kamp in kopali\u0161\u010de Radovljica\",\"isPartOf\":{\"@id\":\"https:\/\/www.camping-radovljica.com\/de\/#website\"},\"datePublished\":\"2024-05-07T13:49:01+00:00\",\"dateModified\":\"2024-07-22T12:28:06+00:00\",\"description\":\"Erfahren Sie mehr \u00fcber unsere Datenschutzrichtlinie: wie wir Ihre personenbezogenen Daten erfassen, verwenden und sch\u00fctzen.\",\"breadcrumb\":{\"@id\":\"https:\/\/www.camping-radovljica.com\/de\/schutz-personenbezogener-daten\/#breadcrumb\"},\"inLanguage\":\"de\",\"potentialAction\":[{\"@type\":\"ReadAction\",\"target\":[\"https:\/\/www.camping-radovljica.com\/de\/schutz-personenbezogener-daten\/\"]}]},{\"@type\":\"BreadcrumbList\",\"@id\":\"https:\/\/www.camping-radovljica.com\/de\/schutz-personenbezogener-daten\/#breadcrumb\",\"itemListElement\":[{\"@type\":\"ListItem\",\"position\":1,\"name\":\"Home\",\"item\":\"https:\/\/www.camping-radovljica.com\/de\/\"},{\"@type\":\"ListItem\",\"position\":2,\"name\":\"Schutz personenbezogener Daten\"}]},{\"@type\":\"WebSite\",\"@id\":\"https:\/\/www.camping-radovljica.com\/de\/#website\",\"url\":\"https:\/\/www.camping-radovljica.com\/de\/\",\"name\":\"Kamp in kopali\u0161\u010de Radovljica\",\"description\":\"Kamp in kopali\u0161\u010de Radovljica\",\"publisher\":{\"@id\":\"https:\/\/www.camping-radovljica.com\/de\/#organization\"},\"potentialAction\":[{\"@type\":\"SearchAction\",\"target\":{\"@type\":\"EntryPoint\",\"urlTemplate\":\"https:\/\/www.camping-radovljica.com\/de\/?s={search_term_string}\"},\"query-input\":{\"@type\":\"PropertyValueSpecification\",\"valueRequired\":true,\"valueName\":\"search_term_string\"}}],\"inLanguage\":\"de\"},{\"@type\":\"Organization\",\"@id\":\"https:\/\/www.camping-radovljica.com\/de\/#organization\",\"name\":\"Kamp in kopali\u0161\u010de Radovljica\",\"url\":\"https:\/\/www.camping-radovljica.com\/de\/\",\"logo\":{\"@type\":\"ImageObject\",\"inLanguage\":\"de\",\"@id\":\"https:\/\/www.camping-radovljica.com\/de\/#\/schema\/logo\/image\/\",\"url\":\"https:\/\/www.camping-radovljica.com\/wp-content\/uploads\/2023\/05\/KAMP-BAZEN-RADOVLJICA-logo-2-1-e1704275987144.png\",\"contentUrl\":\"https:\/\/www.camping-radovljica.com\/wp-content\/uploads\/2023\/05\/KAMP-BAZEN-RADOVLJICA-logo-2-1-e1704275987144.png\",\"width\":861,\"height\":514,\"caption\":\"Kamp in kopali\u0161\u010de Radovljica\"},\"image\":{\"@id\":\"https:\/\/www.camping-radovljica.com\/de\/#\/schema\/logo\/image\/\"}}]}<\/script>\n<!-- \/ Yoast SEO plugin. -->","yoast_head_json":{"title":"Schutz personenbezogener Daten - Kamp in kopali\u0161\u010de Radovljica","description":"Erfahren Sie mehr \u00fcber unsere Datenschutzrichtlinie: wie wir Ihre personenbezogenen Daten erfassen, verwenden und sch\u00fctzen.","robots":{"index":"index","follow":"follow","max-snippet":"max-snippet:-1","max-image-preview":"max-image-preview:large","max-video-preview":"max-video-preview:-1"},"canonical":"https:\/\/www.camping-radovljica.com\/de\/schutz-personenbezogener-daten\/","og_locale":"de_DE","og_type":"article","og_title":"Schutz personenbezogener Daten - Kamp in kopali\u0161\u010de Radovljica","og_description":"Erfahren Sie mehr \u00fcber unsere Datenschutzrichtlinie: wie wir Ihre personenbezogenen Daten erfassen, verwenden und sch\u00fctzen.","og_url":"https:\/\/www.camping-radovljica.com\/de\/schutz-personenbezogener-daten\/","og_site_name":"Kamp in kopali\u0161\u010de Radovljica","article_modified_time":"2024-07-22T12:28:06+00:00","twitter_card":"summary_large_image","twitter_misc":{"Gesch\u00e4tzte Lesezeit":"2\u00a0Minuten"},"schema":{"@context":"https:\/\/schema.org","@graph":[{"@type":"WebPage","@id":"https:\/\/www.camping-radovljica.com\/de\/schutz-personenbezogener-daten\/","url":"https:\/\/www.camping-radovljica.com\/de\/schutz-personenbezogener-daten\/","name":"Schutz personenbezogener Daten - Kamp in kopali\u0161\u010de Radovljica","isPartOf":{"@id":"https:\/\/www.camping-radovljica.com\/de\/#website"},"datePublished":"2024-05-07T13:49:01+00:00","dateModified":"2024-07-22T12:28:06+00:00","description":"Erfahren Sie mehr \u00fcber unsere Datenschutzrichtlinie: wie wir Ihre personenbezogenen Daten erfassen, verwenden und sch\u00fctzen.","breadcrumb":{"@id":"https:\/\/www.camping-radovljica.com\/de\/schutz-personenbezogener-daten\/#breadcrumb"},"inLanguage":"de","potentialAction":[{"@type":"ReadAction","target":["https:\/\/www.camping-radovljica.com\/de\/schutz-personenbezogener-daten\/"]}]},{"@type":"BreadcrumbList","@id":"https:\/\/www.camping-radovljica.com\/de\/schutz-personenbezogener-daten\/#breadcrumb","itemListElement":[{"@type":"ListItem","position":1,"name":"Home","item":"https:\/\/www.camping-radovljica.com\/de\/"},{"@type":"ListItem","position":2,"name":"Schutz personenbezogener Daten"}]},{"@type":"WebSite","@id":"https:\/\/www.camping-radovljica.com\/de\/#website","url":"https:\/\/www.camping-radovljica.com\/de\/","name":"Kamp in kopali\u0161\u010de Radovljica","description":"Kamp in kopali\u0161\u010de Radovljica","publisher":{"@id":"https:\/\/www.camping-radovljica.com\/de\/#organization"},"potentialAction":[{"@type":"SearchAction","target":{"@type":"EntryPoint","urlTemplate":"https:\/\/www.camping-radovljica.com\/de\/?s={search_term_string}"},"query-input":{"@type":"PropertyValueSpecification","valueRequired":true,"valueName":"search_term_string"}}],"inLanguage":"de"},{"@type":"Organization","@id":"https:\/\/www.camping-radovljica.com\/de\/#organization","name":"Kamp in kopali\u0161\u010de Radovljica","url":"https:\/\/www.camping-radovljica.com\/de\/","logo":{"@type":"ImageObject","inLanguage":"de","@id":"https:\/\/www.camping-radovljica.com\/de\/#\/schema\/logo\/image\/","url":"https:\/\/www.camping-radovljica.com\/wp-content\/uploads\/2023\/05\/KAMP-BAZEN-RADOVLJICA-logo-2-1-e1704275987144.png","contentUrl":"https:\/\/www.camping-radovljica.com\/wp-content\/uploads\/2023\/05\/KAMP-BAZEN-RADOVLJICA-logo-2-1-e1704275987144.png","width":861,"height":514,"caption":"Kamp in kopali\u0161\u010de Radovljica"},"image":{"@id":"https:\/\/www.camping-radovljica.com\/de\/#\/schema\/logo\/image\/"}}]}},"_links":{"self":[{"href":"https:\/\/www.camping-radovljica.com\/de\/wp-json\/wp\/v2\/pages\/3308","targetHints":{"allow":["GET"]}}],"collection":[{"href":"https:\/\/www.camping-radovljica.com\/de\/wp-json\/wp\/v2\/pages"}],"about":[{"href":"https:\/\/www.camping-radovljica.com\/de\/wp-json\/wp\/v2\/types\/page"}],"author":[{"embeddable":true,"href":"https:\/\/www.camping-radovljica.com\/de\/wp-json\/wp\/v2\/users\/2"}],"replies":[{"embeddable":true,"href":"https:\/\/www.camping-radovljica.com\/de\/wp-json\/wp\/v2\/comments?post=3308"}],"version-history":[{"count":1,"href":"https:\/\/www.camping-radovljica.com\/de\/wp-json\/wp\/v2\/pages\/3308\/revisions"}],"predecessor-version":[{"id":3309,"href":"https:\/\/www.camping-radovljica.com\/de\/wp-json\/wp\/v2\/pages\/3308\/revisions\/3309"}],"wp:attachment":[{"href":"https:\/\/www.camping-radovljica.com\/de\/wp-json\/wp\/v2\/media?parent=3308"}],"curies":[{"name":"wp","href":"https:\/\/api.w.org\/{rel}","templated":true}]}}