{"id":3274,"date":"2024-06-13T12:49:45","date_gmt":"2024-06-13T12:49:45","guid":{"rendered":"https:\/\/www.camping-radovljica.com\/cookies\/"},"modified":"2024-07-22T10:18:53","modified_gmt":"2024-07-22T10:18:53","slug":"cookies","status":"publish","type":"page","link":"https:\/\/www.camping-radovljica.com\/en\/cookies\/","title":{"rendered":"Cookies"},"content":{"rendered":"\t\t<div data-elementor-type=\"wp-page\" data-elementor-id=\"3274\" class=\"elementor elementor-3274 elementor-2373\" data-elementor-post-type=\"page\">\n\t\t\t\t<div class=\"elementor-element elementor-element-285cf73 e-flex e-con-boxed e-con e-parent\" data-id=\"285cf73\" data-element_type=\"container\" data-e-type=\"container\">\n\t\t\t\t\t<div class=\"e-con-inner\">\n\t\t\t\t<div class=\"elementor-element elementor-element-0aa40ba elementor-widget elementor-widget-text-editor\" data-id=\"0aa40ba\" data-element_type=\"widget\" data-e-type=\"widget\" data-widget_type=\"text-editor.default\">\n\t\t\t\t<div class=\"elementor-widget-container\">\n\t\t\t\t\t\t\t\t\t<h1 class=\"cookie-policy-h1\"><span style=\"color: #000000;\">Cookie Policy<\/span><\/h1>\nStart date of validity: 13 June 2024\nLast Updated: 13 June 2024\n<h5>What are cookies?<\/h5>\n<div class=\"cookie-policy-p\">\n\nThis Cookie Policy explains what cookies are and how they are used, the types of cookies we use, i.e., information collected using cookies, how this information is used, and how to manage cookie settings.\n\nCookies are small text files used to store small pieces of information. When a website loads in a browser, they are stored on your device. These cookies help ensure the proper functioning of the website, improved security, a better user experience, the understanding of the site&#8217;s operation, and help analyze what works and where improvements are required.\n\n<\/div>\n&nbsp;\n<h5>How do we use cookies?<\/h5>\n<div class=\"cookie-policy-p\">\n\nLike most web services, our website uses both first-party and third-party cookies for various purposes. First-party cookies are mostly necessary for the proper functioning of the website and they do not collect any of your personal information.\n\nThird-party cookies used on our website primarily aim to understand the functionality of the website, your interaction with our website, ensure the security of our services, provide ads relevant to you, and generally provide you with an improved and enhanced user experience and help speed up your future interactions with our website.\n\n<\/div>\n&nbsp;\n<h5>Types of cookies we use<\/h5>\n<div class=\"cky-audit-table-element\"><\/div>\n&nbsp;\n<h5 style=\"margin-bottom: 20px;\">\nStrictly Necessary Cookies<\/h5>\n<a class=\"cky-banner-element\">\nCookie settings<\/a>\n<div>\n\nYou can change your cookie settings at any time by clicking the button above. This will allow you to revisit the cookie consent banner and change your preferences or withdraw your consent immediately.\n\nIn addition, different browsers offer different methods for blocking and deleting cookies used by websites. You can change your browser settings to block\/delete cookies. Below are links to support documents on managing and deleting cookies from major web browsers.\nChrome: <a href=\"https:\/\/support.google.com\/accounts\/answer\/32050\" target=\"_blank\" rel=\"noopener\">https:\/\/support.google.com\/accounts\/answer\/32050<\/a>\n\nSafari: <a href=\"https:\/\/support.apple.com\/en-in\/guide\/safari\/sfri11471\/mac\" target=\"_blank\" rel=\"noopener\">https:\/\/support.apple.com\/en-in\/guide\/safari\/sfri11471\/mac<\/a>\n\nFirefox: <a href=\"https:\/\/support.mozilla.org\/en-US\/kb\/clear-cookies-and-site-data-firefox?redirectslug=delete-cookies-remove-info-websites-stored&amp;redirectlocale=en-US\" target=\"_blank\" rel=\"noopener\">https:\/\/support.mozilla.org\/en-US\/kb\/clear-cookies-and-site-data-firefox?redirectslug=delete-cookies-remove-info-websites-stored&amp;redirectlocale=en-US<\/a>\n\nInternet Explorer: <a href=\"https:\/\/support.microsoft.com\/en-us\/topic\/how-to-delete-cookie-files-in-internet-explorer-bca9446f-d873-78de-77ba-d42645fa52fc\" target=\"_blank\" rel=\"noopener\">https:\/\/support.microsoft.com\/en-us\/topic\/how-to-delete-cookie-files-in-internet-explorer-bca9446f-d873-78de-77ba-d42645fa52fc<\/a>\n\nIf you are using any other web browser, please visit your browser\u2019s official support documents.\n\n<\/div>\n&nbsp;\n<p class=\"cookie-policy-p\">Cookie Policy generated by <a href=\"https:\/\/www.cookieyes.com\/?utm_source=CP&amp;utm_medium=footer&amp;utm_campaign=UW\" target=\"_blank\" rel=\"noopener\">CookieYes &#8211; Cookie Policy Generator<\/a>.<\/p>\t\t\t\t\t\t\t\t<\/div>\n\t\t\t\t<\/div>\n\t\t\t\t\t<\/div>\n\t\t\t\t<\/div>\n\t\t\t\t<\/div>\n\t\t","protected":false},"excerpt":{"rendered":"<p>Cookie Policy Start date of validity: 13 June 2024 Last Updated: 13 June 2024 What are cookies? This Cookie Policy explains what cookies are and how they are used, the types of cookies we use, i.e., information collected using cookies, how this information is used, and how to manage cookie settings. Cookies are small text [&hellip;]<\/p>\n","protected":false},"author":2,"featured_media":0,"parent":0,"menu_order":0,"comment_status":"closed","ping_status":"closed","template":"","meta":{"footnotes":""},"class_list":["post-3274","page","type-page","status-publish","hentry"],"yoast_head":"<!-- This site is optimized with the Yoast SEO plugin v27.0 - https:\/\/yoast.com\/product\/yoast-seo-wordpress\/ -->\n<title>Cookies - Kamp in kopali\u0161\u010de Radovljica<\/title>\n<meta name=\"robots\" content=\"index, follow, max-snippet:-1, max-image-preview:large, max-video-preview:-1\" \/>\n<link rel=\"canonical\" href=\"https:\/\/www.camping-radovljica.com\/en\/cookies\/\" \/>\n<meta property=\"og:locale\" content=\"en_US\" \/>\n<meta property=\"og:type\" content=\"article\" \/>\n<meta property=\"og:title\" content=\"Cookies - Kamp in kopali\u0161\u010de Radovljica\" \/>\n<meta property=\"og:description\" content=\"Cookie Policy Start date of validity: 13 June 2024 Last Updated: 13 June 2024 What are cookies? This Cookie Policy explains what cookies are and how they are used, the types of cookies we use, i.e., information collected using cookies, how this information is used, and how to manage cookie settings. Cookies are small text [&hellip;]\" \/>\n<meta property=\"og:url\" content=\"https:\/\/www.camping-radovljica.com\/en\/cookies\/\" \/>\n<meta property=\"og:site_name\" content=\"Kamp in kopali\u0161\u010de Radovljica\" \/>\n<meta property=\"article:modified_time\" content=\"2024-07-22T10:18:53+00:00\" \/>\n<meta name=\"twitter:card\" content=\"summary_large_image\" \/>\n<meta name=\"twitter:label1\" content=\"Est. reading time\" \/>\n\t<meta name=\"twitter:data1\" content=\"2 minutes\" \/>\n<script type=\"application\/ld+json\" class=\"yoast-schema-graph\">{\"@context\":\"https:\/\/schema.org\",\"@graph\":[{\"@type\":\"WebPage\",\"@id\":\"https:\/\/www.camping-radovljica.com\/en\/cookies\/\",\"url\":\"https:\/\/www.camping-radovljica.com\/en\/cookies\/\",\"name\":\"Cookies - Kamp in kopali\u0161\u010de Radovljica\",\"isPartOf\":{\"@id\":\"https:\/\/www.camping-radovljica.com\/en\/#website\"},\"datePublished\":\"2024-06-13T12:49:45+00:00\",\"dateModified\":\"2024-07-22T10:18:53+00:00\",\"breadcrumb\":{\"@id\":\"https:\/\/www.camping-radovljica.com\/en\/cookies\/#breadcrumb\"},\"inLanguage\":\"en-US\",\"potentialAction\":[{\"@type\":\"ReadAction\",\"target\":[\"https:\/\/www.camping-radovljica.com\/en\/cookies\/\"]}]},{\"@type\":\"BreadcrumbList\",\"@id\":\"https:\/\/www.camping-radovljica.com\/en\/cookies\/#breadcrumb\",\"itemListElement\":[{\"@type\":\"ListItem\",\"position\":1,\"name\":\"Home\",\"item\":\"https:\/\/www.camping-radovljica.com\/en\/\"},{\"@type\":\"ListItem\",\"position\":2,\"name\":\"Cookies\"}]},{\"@type\":\"WebSite\",\"@id\":\"https:\/\/www.camping-radovljica.com\/en\/#website\",\"url\":\"https:\/\/www.camping-radovljica.com\/en\/\",\"name\":\"Kamp in kopali\u0161\u010de Radovljica\",\"description\":\"Kamp in kopali\u0161\u010de Radovljica\",\"publisher\":{\"@id\":\"https:\/\/www.camping-radovljica.com\/en\/#organization\"},\"potentialAction\":[{\"@type\":\"SearchAction\",\"target\":{\"@type\":\"EntryPoint\",\"urlTemplate\":\"https:\/\/www.camping-radovljica.com\/en\/?s={search_term_string}\"},\"query-input\":{\"@type\":\"PropertyValueSpecification\",\"valueRequired\":true,\"valueName\":\"search_term_string\"}}],\"inLanguage\":\"en-US\"},{\"@type\":\"Organization\",\"@id\":\"https:\/\/www.camping-radovljica.com\/en\/#organization\",\"name\":\"Kamp in kopali\u0161\u010de Radovljica\",\"url\":\"https:\/\/www.camping-radovljica.com\/en\/\",\"logo\":{\"@type\":\"ImageObject\",\"inLanguage\":\"en-US\",\"@id\":\"https:\/\/www.camping-radovljica.com\/en\/#\/schema\/logo\/image\/\",\"url\":\"https:\/\/www.camping-radovljica.com\/wp-content\/uploads\/2023\/05\/KAMP-BAZEN-RADOVLJICA-logo-2-1-e1704275987144.png\",\"contentUrl\":\"https:\/\/www.camping-radovljica.com\/wp-content\/uploads\/2023\/05\/KAMP-BAZEN-RADOVLJICA-logo-2-1-e1704275987144.png\",\"width\":861,\"height\":514,\"caption\":\"Kamp in kopali\u0161\u010de Radovljica\"},\"image\":{\"@id\":\"https:\/\/www.camping-radovljica.com\/en\/#\/schema\/logo\/image\/\"}}]}<\/script>\n<!-- \/ Yoast SEO plugin. -->","yoast_head_json":{"title":"Cookies - Kamp in kopali\u0161\u010de Radovljica","robots":{"index":"index","follow":"follow","max-snippet":"max-snippet:-1","max-image-preview":"max-image-preview:large","max-video-preview":"max-video-preview:-1"},"canonical":"https:\/\/www.camping-radovljica.com\/en\/cookies\/","og_locale":"en_US","og_type":"article","og_title":"Cookies - Kamp in kopali\u0161\u010de Radovljica","og_description":"Cookie Policy Start date of validity: 13 June 2024 Last Updated: 13 June 2024 What are cookies? This Cookie Policy explains what cookies are and how they are used, the types of cookies we use, i.e., information collected using cookies, how this information is used, and how to manage cookie settings. Cookies are small text [&hellip;]","og_url":"https:\/\/www.camping-radovljica.com\/en\/cookies\/","og_site_name":"Kamp in kopali\u0161\u010de Radovljica","article_modified_time":"2024-07-22T10:18:53+00:00","twitter_card":"summary_large_image","twitter_misc":{"Est. reading time":"2 minutes"},"schema":{"@context":"https:\/\/schema.org","@graph":[{"@type":"WebPage","@id":"https:\/\/www.camping-radovljica.com\/en\/cookies\/","url":"https:\/\/www.camping-radovljica.com\/en\/cookies\/","name":"Cookies - Kamp in kopali\u0161\u010de Radovljica","isPartOf":{"@id":"https:\/\/www.camping-radovljica.com\/en\/#website"},"datePublished":"2024-06-13T12:49:45+00:00","dateModified":"2024-07-22T10:18:53+00:00","breadcrumb":{"@id":"https:\/\/www.camping-radovljica.com\/en\/cookies\/#breadcrumb"},"inLanguage":"en-US","potentialAction":[{"@type":"ReadAction","target":["https:\/\/www.camping-radovljica.com\/en\/cookies\/"]}]},{"@type":"BreadcrumbList","@id":"https:\/\/www.camping-radovljica.com\/en\/cookies\/#breadcrumb","itemListElement":[{"@type":"ListItem","position":1,"name":"Home","item":"https:\/\/www.camping-radovljica.com\/en\/"},{"@type":"ListItem","position":2,"name":"Cookies"}]},{"@type":"WebSite","@id":"https:\/\/www.camping-radovljica.com\/en\/#website","url":"https:\/\/www.camping-radovljica.com\/en\/","name":"Kamp in kopali\u0161\u010de Radovljica","description":"Kamp in kopali\u0161\u010de Radovljica","publisher":{"@id":"https:\/\/www.camping-radovljica.com\/en\/#organization"},"potentialAction":[{"@type":"SearchAction","target":{"@type":"EntryPoint","urlTemplate":"https:\/\/www.camping-radovljica.com\/en\/?s={search_term_string}"},"query-input":{"@type":"PropertyValueSpecification","valueRequired":true,"valueName":"search_term_string"}}],"inLanguage":"en-US"},{"@type":"Organization","@id":"https:\/\/www.camping-radovljica.com\/en\/#organization","name":"Kamp in kopali\u0161\u010de Radovljica","url":"https:\/\/www.camping-radovljica.com\/en\/","logo":{"@type":"ImageObject","inLanguage":"en-US","@id":"https:\/\/www.camping-radovljica.com\/en\/#\/schema\/logo\/image\/","url":"https:\/\/www.camping-radovljica.com\/wp-content\/uploads\/2023\/05\/KAMP-BAZEN-RADOVLJICA-logo-2-1-e1704275987144.png","contentUrl":"https:\/\/www.camping-radovljica.com\/wp-content\/uploads\/2023\/05\/KAMP-BAZEN-RADOVLJICA-logo-2-1-e1704275987144.png","width":861,"height":514,"caption":"Kamp in kopali\u0161\u010de Radovljica"},"image":{"@id":"https:\/\/www.camping-radovljica.com\/en\/#\/schema\/logo\/image\/"}}]}},"_links":{"self":[{"href":"https:\/\/www.camping-radovljica.com\/en\/wp-json\/wp\/v2\/pages\/3274","targetHints":{"allow":["GET"]}}],"collection":[{"href":"https:\/\/www.camping-radovljica.com\/en\/wp-json\/wp\/v2\/pages"}],"about":[{"href":"https:\/\/www.camping-radovljica.com\/en\/wp-json\/wp\/v2\/types\/page"}],"author":[{"embeddable":true,"href":"https:\/\/www.camping-radovljica.com\/en\/wp-json\/wp\/v2\/users\/2"}],"replies":[{"embeddable":true,"href":"https:\/\/www.camping-radovljica.com\/en\/wp-json\/wp\/v2\/comments?post=3274"}],"version-history":[{"count":1,"href":"https:\/\/www.camping-radovljica.com\/en\/wp-json\/wp\/v2\/pages\/3274\/revisions"}],"predecessor-version":[{"id":3275,"href":"https:\/\/www.camping-radovljica.com\/en\/wp-json\/wp\/v2\/pages\/3274\/revisions\/3275"}],"wp:attachment":[{"href":"https:\/\/www.camping-radovljica.com\/en\/wp-json\/wp\/v2\/media?parent=3274"}],"curies":[{"name":"wp","href":"https:\/\/api.w.org\/{rel}","templated":true}]}}