{"id":4389,"date":"2025-02-18T06:31:51","date_gmt":"2025-02-18T06:31:51","guid":{"rendered":"https:\/\/www.camping-radovljica.com\/?page_id=4389"},"modified":"2026-03-03T12:05:48","modified_gmt":"2026-03-03T12:05:48","slug":"reservation","status":"publish","type":"page","link":"https:\/\/www.camping-radovljica.com\/en\/reservation\/","title":{"rendered":"Reservation"},"content":{"rendered":"\t\t<div data-elementor-type=\"wp-page\" data-elementor-id=\"4389\" class=\"elementor elementor-4389 elementor-3812\" data-elementor-post-type=\"page\">\n\t\t\t\t<div class=\"elementor-element elementor-element-f043c64 e-flex e-con-boxed e-con e-parent\" data-id=\"f043c64\" data-element_type=\"container\" data-e-type=\"container\">\n\t\t\t\t\t<div class=\"e-con-inner\">\n\t\t\t\t<div class=\"elementor-element elementor-element-ab22546 elementor-pagination-position-inside elementor-skin-carousel elementor-pagination-type-bullets elementor-widget elementor-widget-media-carousel\" data-id=\"ab22546\" data-element_type=\"widget\" data-e-type=\"widget\" data-settings=\"{&quot;slides_per_view&quot;:&quot;1&quot;,&quot;skin&quot;:&quot;carousel&quot;,&quot;effect&quot;:&quot;slide&quot;,&quot;pagination&quot;:&quot;bullets&quot;,&quot;speed&quot;:500,&quot;autoplay&quot;:&quot;yes&quot;,&quot;autoplay_speed&quot;:5000,&quot;loop&quot;:&quot;yes&quot;,&quot;pause_on_hover&quot;:&quot;yes&quot;,&quot;pause_on_interaction&quot;:&quot;yes&quot;,&quot;space_between&quot;:{&quot;unit&quot;:&quot;px&quot;,&quot;size&quot;:10,&quot;sizes&quot;:[]},&quot;space_between_tablet&quot;:{&quot;unit&quot;:&quot;px&quot;,&quot;size&quot;:10,&quot;sizes&quot;:[]},&quot;space_between_mobile&quot;:{&quot;unit&quot;:&quot;px&quot;,&quot;size&quot;:10,&quot;sizes&quot;:[]}}\" data-widget_type=\"media-carousel.default\">\n\t\t\t\t<div class=\"elementor-widget-container\">\n\t\t\t\t\t\t\t\t\t<div class=\"elementor-swiper\">\n\t\t\t\t\t<div class=\"elementor-main-swiper swiper\" role=\"region\" aria-roledescription=\"carousel\" aria-label=\"Slides\">\n\t\t\t\t<div class=\"swiper-wrapper\">\n\t\t\t\t\t\t\t\t\t\t\t<div class=\"swiper-slide\" role=\"group\" aria-roledescription=\"slide\">\n\t\t\t\t\t\t\t\t\t<div class=\"elementor-carousel-image\" role=\"img\" aria-label=\"Camp Radovljica\" style=\"background-image: url(&#039;https:\/\/www.camping-radovljica.com\/wp-content\/uploads\/2024\/05\/camping-radovljica-slovenia.webp&#039;)\">\n\n\t\t\t\n\t\t\t\t\t<\/div>\n\t\t\t\t\t\t\t\t<\/div>\n\t\t\t\t\t\t\t\t\t\t\t<div class=\"swiper-slide\" role=\"group\" aria-roledescription=\"slide\">\n\t\t\t\t\t\t\t\t\t<div class=\"elementor-carousel-image\" role=\"img\" aria-label=\"Camping Radovljica\" style=\"background-image: url(&#039;https:\/\/www.camping-radovljica.com\/wp-content\/uploads\/2024\/05\/DSC03356.webp&#039;)\">\n\n\t\t\t\n\t\t\t\t\t<\/div>\n\t\t\t\t\t\t\t\t<\/div>\n\t\t\t\t\t\t\t\t\t<\/div>\n\t\t\t\t\t\t\t\t\t\t\t\t\t\t\t\t\t\t\t\t<div class=\"swiper-pagination\"><\/div>\n\t\t\t\t\t\t\t\t\t\t\t\t<\/div>\n\t\t\t\t<\/div>\n\t\t\t\t\t\t\t\t<\/div>\n\t\t\t\t<\/div>\n\t\t<div class=\"elementor-element elementor-element-e452bae e-con-full e-flex e-con e-child\" data-id=\"e452bae\" data-element_type=\"container\" data-e-type=\"container\" data-settings=\"{&quot;background_background&quot;:&quot;classic&quot;}\">\n\t\t\t\t<div class=\"elementor-element elementor-element-fbe4d43 elementor-widget elementor-widget-heading\" data-id=\"fbe4d43\" data-element_type=\"widget\" data-e-type=\"widget\" data-widget_type=\"heading.default\">\n\t\t\t\t<div class=\"elementor-widget-container\">\n\t\t\t\t\t<h2 class=\"elementor-heading-title elementor-size-default\">Plan your getaway in Radovljica<\/h2>\t\t\t\t<\/div>\n\t\t\t\t<\/div>\n\t\t\t\t<div class=\"elementor-element elementor-element-415e7e4 elementor-widget elementor-widget-shortcode\" data-id=\"415e7e4\" data-element_type=\"widget\" data-e-type=\"widget\" data-widget_type=\"shortcode.default\">\n\t\t\t\t<div class=\"elementor-widget-container\">\n\t\t\t\t\t\t\t<div class=\"elementor-shortcode\"><div class='fluentform ff-default fluentform_wrapper_4 ffs_default_wrap'><form data-form_id=\"4\" id=\"fluentform_4\" class=\"frm-fluent-form fluent_form_4 ff-el-form-top ff_form_instance_4_1 ff-form-loading ffs_default\" data-form_instance=\"ff_form_instance_4_1\" method=\"POST\" ><fieldset  style=\"border: none!important;margin: 0!important;padding: 0!important;background-color: transparent!important;box-shadow: none!important;outline: none!important; min-inline-size: 100%;\">\n                    <legend class=\"ff_screen_reader_title\" style=\"display: block; margin: 0!important;padding: 0!important;height: 0!important;text-indent: -999999px;width: 0!important;overflow:hidden;\">Rezervacija - EN<\/legend><input type='hidden' name='__fluent_form_embded_post_id' value='4389' \/><input type=\"hidden\" id=\"_fluentform_4_fluentformnonce\" name=\"_fluentform_4_fluentformnonce\" value=\"a23d8a37c0\" \/><input type=\"hidden\" name=\"_wp_http_referer\" value=\"\/en\/wp-json\/wp\/v2\/pages\/4389\" \/><div data-name=\"ff_cn_id_1\"  class='ff-t-container ff-column-container ff_columns_total_4 '><div class='ff-t-cell ff-t-column-1' style='flex-basis: 25%;'><div class='ff-el-group ff-el-form-hide_label'><div class=\"ff-el-input--label ff-el-is-required asterisk-right\"><label for='ff_4_location_type' id='label_ff_4_location_type' aria-label=\"Accommodation Type\">Accommodation Type<\/label><\/div><div class='ff-el-input--content'><select name=\"location_type\" id=\"ff_4_location_type\" class=\"ff-el-form-control\" data-name=\"location_type\" data-calc_value=\"0\"  aria-invalid=\"false\" aria-required=\"true\" aria-labelledby=\"label_ff_4_location_type\"><option value=\"\">Accommodation Type<\/option><option value=\"3894\"  >Camping pitches<\/option><option value=\"3911\"  >Mobile home<\/option><\/select><\/div><\/div><\/div><div class='ff-t-cell ff-t-column-2' style='flex-basis: 25%;'><div class='ff-el-group ff-el-form-hide_label'><div class=\"ff-el-input--label ff-el-is-required asterisk-right\"><label for='ff_4_prihod' id='label_ff_4_prihod' aria-label=\"Arrival\">Arrival<\/label><\/div><div class='ff-el-input--content'><input  aria-label='Arrival Use arrow keys to navigate dates. Press enter to select a date.'  aria-haspopup='dialog' data-type-datepicker data-format='Y-m-d' type=\"text\" name=\"prihod\" id=\"ff_4_prihod\" class=\"ff-el-form-control ff-el-datepicker\" placeholder=\"Arrival\" data-name=\"prihod\"  aria-invalid='false' aria-required=true><\/div><\/div><\/div><div class='ff-t-cell ff-t-column-3' style='flex-basis: 25%;'><div class='ff-el-group ff-el-form-hide_label'><div class=\"ff-el-input--label ff-el-is-required asterisk-right\"><label for='ff_4_odhod' id='label_ff_4_odhod' aria-label=\"Departure\">Departure<\/label><\/div><div class='ff-el-input--content'><input  aria-label='Departure Use arrow keys to navigate dates. Press enter to select a date.'  aria-haspopup='dialog' data-type-datepicker data-format='Y-m-d' type=\"text\" name=\"odhod\" id=\"ff_4_odhod\" class=\"ff-el-form-control ff-el-datepicker\" placeholder=\"Departure\" data-name=\"odhod\"  aria-invalid='false' aria-required=true><\/div><\/div><\/div><div class='ff-t-cell ff-t-column-4' style='flex-basis: 25%;'><div class='ff-el-group ff-text-center ff_submit_btn_wrapper ff_submit_btn_wrapper_custom'><button class=\"ff-btn ff-btn-submit ff-btn-md ff_btn_style wpf_has_custom_css\" type=\"submit\" name=\"custom_submit_button-4_1\" data-name=\"custom_submit_button-4_1\"  aria-label=\"Check Availability\">Check Availability<\/button><style>form.fluent_form_4 .wpf_has_custom_css.ff-btn-submit { background-color:#1a7efb;border-color:#1a7efb;color:#ffffff;min-width:100%; }form.fluent_form_4 .wpf_has_custom_css.ff-btn-submit:hover { background-color:#ffffff;border-color:#1a7efb;color:#1a7efb;min-width:100%; } <\/style><\/div><\/div><\/div><\/fieldset><\/form><div id='fluentform_4_errors' class='ff-errors-in-stack ff_form_instance_4_1 ff-form-loading_errors ff_form_instance_4_1_errors'><\/div><\/div>            <script type=\"text\/javascript\">\n                window.fluent_form_ff_form_instance_4_1 = {\"id\":\"4\",\"settings\":{\"layout\":{\"labelPlacement\":\"top\",\"asteriskPlacement\":\"asterisk-right\",\"helpMessagePlacement\":\"with_label\",\"errorMessagePlacement\":\"inline\",\"cssClassName\":\"\"},\"restrictions\":{\"denyEmptySubmission\":{\"enabled\":false}}},\"form_instance\":\"ff_form_instance_4_1\",\"form_id_selector\":\"fluentform_4\",\"rules\":{\"location_type\":{\"required\":{\"value\":true,\"message\":\"This field is required\",\"global_message\":\"This field is required\",\"global\":true}},\"prihod\":{\"required\":{\"value\":true,\"message\":\"This field is required\",\"global_message\":\"This field is required\",\"global\":true}},\"odhod\":{\"required\":{\"value\":true,\"message\":\"This field is required\",\"global_message\":\"This field is required\",\"global\":true}}},\"debounce_time\":300};\n                            <\/script>\n            <\/div>\n\t\t\t\t\t\t<\/div>\n\t\t\t\t<\/div>\n\t\t\t\t<\/div>\n\t\t\t\t<div class=\"elementor-element elementor-element-987b395 elementor-widget elementor-widget-heading\" data-id=\"987b395\" data-element_type=\"widget\" data-e-type=\"widget\" data-widget_type=\"heading.default\">\n\t\t\t\t<div class=\"elementor-widget-container\">\n\t\t\t\t\t<h1 class=\"elementor-heading-title elementor-size-default\"><b>Reservation Camp Radovljica<\/b><\/h1>\t\t\t\t<\/div>\n\t\t\t\t<\/div>\n\t\t<div class=\"elementor-element elementor-element-3cabcdc e-con-full e-flex e-con e-child\" data-id=\"3cabcdc\" data-element_type=\"container\" data-e-type=\"container\">\n\t\t\t\t<div class=\"elementor-element elementor-element-fc10085 elementor-widget elementor-widget-spacer\" data-id=\"fc10085\" data-element_type=\"widget\" data-e-type=\"widget\" data-widget_type=\"spacer.default\">\n\t\t\t\t<div class=\"elementor-widget-container\">\n\t\t\t\t\t\t\t<div class=\"elementor-spacer\">\n\t\t\t<div class=\"elementor-spacer-inner\"><\/div>\n\t\t<\/div>\n\t\t\t\t\t\t<\/div>\n\t\t\t\t<\/div>\n\t\t\t\t<div class=\"elementor-element elementor-element-e2f3f2e elementor-widget elementor-widget-text-editor\" data-id=\"e2f3f2e\" data-element_type=\"widget\" data-e-type=\"widget\" data-widget_type=\"text-editor.default\">\n\t\t\t\t<div class=\"elementor-widget-container\">\n\t\t\t\t\t\t\t\t\t<p>Situated on a grassy terrace directly beside the pools and volleyball courts, the camp offers modern equipped pitches for motorhomes and tents and well-kept sanitary facilities.<\/p>\n<p>The pools are freely accessible for camp guests during the summer season, and right next to the camp you can check out one of the sports areas at the nearby sports or athletic park, the playground, or the fitness trail, or take a walk to one of the <a href=\"https:\/\/www.radolca.si\/en\/attractions\/radovljica-old-town\">most beautiful medieval town centers<\/a><\/p>\n<p>The camp features a <a href=\"https:\/\/www.bistro-obla.com\/?lang=en\">bistro<\/a>, offers free Wi-Fi for all camp guests, and bike rental is also available in town.<\/p>\n<p>The campsite boasts three stars and offers 80 pitches for nature lovers.<\/p>\n<p>Choose your favorite spot, park your motorhome or caravan, pitch your tent, and enjoy your well-deserved vacation without a care in the world.<\/p>\t\t\t\t\t\t\t\t<\/div>\n\t\t\t\t<\/div>\n\t\t\t\t<div class=\"elementor-element elementor-element-f9ec86b elementor-widget elementor-widget-spacer\" data-id=\"f9ec86b\" data-element_type=\"widget\" data-e-type=\"widget\" data-widget_type=\"spacer.default\">\n\t\t\t\t<div class=\"elementor-widget-container\">\n\t\t\t\t\t\t\t<div class=\"elementor-spacer\">\n\t\t\t<div class=\"elementor-spacer-inner\"><\/div>\n\t\t<\/div>\n\t\t\t\t\t\t<\/div>\n\t\t\t\t<\/div>\n\t\t\t\t<\/div>\n\t\t\t\t\t<\/div>\n\t\t\t\t<\/div>\n\t\t\t\t<\/div>\n\t\t","protected":false},"excerpt":{"rendered":"<p>Plan your getaway in Radovljica Reservation Camp Radovljica Situated on a grassy terrace directly beside the pools and volleyball courts, the camp offers modern equipped pitches for motorhomes and tents and well-kept sanitary facilities. The pools are freely accessible for camp guests during the summer season, and right next to the camp you can check [&hellip;]<\/p>\n","protected":false},"author":6,"featured_media":0,"parent":0,"menu_order":0,"comment_status":"closed","ping_status":"closed","template":"","meta":{"footnotes":""},"class_list":["post-4389","page","type-page","status-publish","hentry"],"yoast_head":"<!-- This site is optimized with the Yoast SEO plugin v27.0 - https:\/\/yoast.com\/product\/yoast-seo-wordpress\/ -->\n<title>Reservation - Kamp in kopali\u0161\u010de Radovljica<\/title>\n<meta name=\"description\" content=\"Rezervacija parcele in no\u010ditve v kamp in kopali\u0161\u010de Radovljica. Dragi gostje in popotniki, za\u010deli smo sprejemati rezervacije za sezono 2025!\" \/>\n<meta name=\"robots\" content=\"index, follow, max-snippet:-1, max-image-preview:large, max-video-preview:-1\" \/>\n<link rel=\"canonical\" href=\"https:\/\/www.camping-radovljica.com\/en\/reservation\/\" \/>\n<meta property=\"og:locale\" content=\"en_US\" \/>\n<meta property=\"og:type\" content=\"article\" \/>\n<meta property=\"og:title\" content=\"Reservation - Kamp in kopali\u0161\u010de Radovljica\" \/>\n<meta property=\"og:description\" content=\"Rezervacija parcele in no\u010ditve v kamp in kopali\u0161\u010de Radovljica. Dragi gostje in popotniki, za\u010deli smo sprejemati rezervacije za sezono 2025!\" \/>\n<meta property=\"og:url\" content=\"https:\/\/www.camping-radovljica.com\/en\/reservation\/\" \/>\n<meta property=\"og:site_name\" content=\"Kamp in kopali\u0161\u010de Radovljica\" \/>\n<meta property=\"article:modified_time\" content=\"2026-03-03T12:05:48+00:00\" \/>\n<meta name=\"twitter:card\" content=\"summary_large_image\" \/>\n<meta name=\"twitter:label1\" content=\"Est. reading time\" \/>\n\t<meta name=\"twitter:data1\" content=\"1 minute\" \/>\n<script type=\"application\/ld+json\" class=\"yoast-schema-graph\">{\"@context\":\"https:\/\/schema.org\",\"@graph\":[{\"@type\":\"WebPage\",\"@id\":\"https:\/\/www.camping-radovljica.com\/en\/reservation\/\",\"url\":\"https:\/\/www.camping-radovljica.com\/en\/reservation\/\",\"name\":\"Reservation - Kamp in kopali\u0161\u010de Radovljica\",\"isPartOf\":{\"@id\":\"https:\/\/www.camping-radovljica.com\/en\/#website\"},\"datePublished\":\"2025-02-18T06:31:51+00:00\",\"dateModified\":\"2026-03-03T12:05:48+00:00\",\"description\":\"Rezervacija parcele in no\u010ditve v kamp in kopali\u0161\u010de Radovljica. Dragi gostje in popotniki, za\u010deli smo sprejemati rezervacije za sezono 2025!\",\"breadcrumb\":{\"@id\":\"https:\/\/www.camping-radovljica.com\/en\/reservation\/#breadcrumb\"},\"inLanguage\":\"en-US\",\"potentialAction\":[{\"@type\":\"ReadAction\",\"target\":[\"https:\/\/www.camping-radovljica.com\/en\/reservation\/\"]}]},{\"@type\":\"BreadcrumbList\",\"@id\":\"https:\/\/www.camping-radovljica.com\/en\/reservation\/#breadcrumb\",\"itemListElement\":[{\"@type\":\"ListItem\",\"position\":1,\"name\":\"Home\",\"item\":\"https:\/\/www.camping-radovljica.com\/en\/\"},{\"@type\":\"ListItem\",\"position\":2,\"name\":\"Reservation\"}]},{\"@type\":\"WebSite\",\"@id\":\"https:\/\/www.camping-radovljica.com\/en\/#website\",\"url\":\"https:\/\/www.camping-radovljica.com\/en\/\",\"name\":\"Kamp in kopali\u0161\u010de Radovljica\",\"description\":\"Kamp in kopali\u0161\u010de Radovljica\",\"publisher\":{\"@id\":\"https:\/\/www.camping-radovljica.com\/en\/#organization\"},\"potentialAction\":[{\"@type\":\"SearchAction\",\"target\":{\"@type\":\"EntryPoint\",\"urlTemplate\":\"https:\/\/www.camping-radovljica.com\/en\/?s={search_term_string}\"},\"query-input\":{\"@type\":\"PropertyValueSpecification\",\"valueRequired\":true,\"valueName\":\"search_term_string\"}}],\"inLanguage\":\"en-US\"},{\"@type\":\"Organization\",\"@id\":\"https:\/\/www.camping-radovljica.com\/en\/#organization\",\"name\":\"Kamp in kopali\u0161\u010de Radovljica\",\"url\":\"https:\/\/www.camping-radovljica.com\/en\/\",\"logo\":{\"@type\":\"ImageObject\",\"inLanguage\":\"en-US\",\"@id\":\"https:\/\/www.camping-radovljica.com\/en\/#\/schema\/logo\/image\/\",\"url\":\"https:\/\/www.camping-radovljica.com\/wp-content\/uploads\/2023\/05\/KAMP-BAZEN-RADOVLJICA-logo-2-1-e1704275987144.png\",\"contentUrl\":\"https:\/\/www.camping-radovljica.com\/wp-content\/uploads\/2023\/05\/KAMP-BAZEN-RADOVLJICA-logo-2-1-e1704275987144.png\",\"width\":861,\"height\":514,\"caption\":\"Kamp in kopali\u0161\u010de Radovljica\"},\"image\":{\"@id\":\"https:\/\/www.camping-radovljica.com\/en\/#\/schema\/logo\/image\/\"}}]}<\/script>\n<!-- \/ Yoast SEO plugin. -->","yoast_head_json":{"title":"Reservation - Kamp in kopali\u0161\u010de Radovljica","description":"Rezervacija parcele in no\u010ditve v kamp in kopali\u0161\u010de Radovljica. Dragi gostje in popotniki, za\u010deli smo sprejemati rezervacije za sezono 2025!","robots":{"index":"index","follow":"follow","max-snippet":"max-snippet:-1","max-image-preview":"max-image-preview:large","max-video-preview":"max-video-preview:-1"},"canonical":"https:\/\/www.camping-radovljica.com\/en\/reservation\/","og_locale":"en_US","og_type":"article","og_title":"Reservation - Kamp in kopali\u0161\u010de Radovljica","og_description":"Rezervacija parcele in no\u010ditve v kamp in kopali\u0161\u010de Radovljica. Dragi gostje in popotniki, za\u010deli smo sprejemati rezervacije za sezono 2025!","og_url":"https:\/\/www.camping-radovljica.com\/en\/reservation\/","og_site_name":"Kamp in kopali\u0161\u010de Radovljica","article_modified_time":"2026-03-03T12:05:48+00:00","twitter_card":"summary_large_image","twitter_misc":{"Est. reading time":"1 minute"},"schema":{"@context":"https:\/\/schema.org","@graph":[{"@type":"WebPage","@id":"https:\/\/www.camping-radovljica.com\/en\/reservation\/","url":"https:\/\/www.camping-radovljica.com\/en\/reservation\/","name":"Reservation - Kamp in kopali\u0161\u010de Radovljica","isPartOf":{"@id":"https:\/\/www.camping-radovljica.com\/en\/#website"},"datePublished":"2025-02-18T06:31:51+00:00","dateModified":"2026-03-03T12:05:48+00:00","description":"Rezervacija parcele in no\u010ditve v kamp in kopali\u0161\u010de Radovljica. Dragi gostje in popotniki, za\u010deli smo sprejemati rezervacije za sezono 2025!","breadcrumb":{"@id":"https:\/\/www.camping-radovljica.com\/en\/reservation\/#breadcrumb"},"inLanguage":"en-US","potentialAction":[{"@type":"ReadAction","target":["https:\/\/www.camping-radovljica.com\/en\/reservation\/"]}]},{"@type":"BreadcrumbList","@id":"https:\/\/www.camping-radovljica.com\/en\/reservation\/#breadcrumb","itemListElement":[{"@type":"ListItem","position":1,"name":"Home","item":"https:\/\/www.camping-radovljica.com\/en\/"},{"@type":"ListItem","position":2,"name":"Reservation"}]},{"@type":"WebSite","@id":"https:\/\/www.camping-radovljica.com\/en\/#website","url":"https:\/\/www.camping-radovljica.com\/en\/","name":"Kamp in kopali\u0161\u010de Radovljica","description":"Kamp in kopali\u0161\u010de Radovljica","publisher":{"@id":"https:\/\/www.camping-radovljica.com\/en\/#organization"},"potentialAction":[{"@type":"SearchAction","target":{"@type":"EntryPoint","urlTemplate":"https:\/\/www.camping-radovljica.com\/en\/?s={search_term_string}"},"query-input":{"@type":"PropertyValueSpecification","valueRequired":true,"valueName":"search_term_string"}}],"inLanguage":"en-US"},{"@type":"Organization","@id":"https:\/\/www.camping-radovljica.com\/en\/#organization","name":"Kamp in kopali\u0161\u010de Radovljica","url":"https:\/\/www.camping-radovljica.com\/en\/","logo":{"@type":"ImageObject","inLanguage":"en-US","@id":"https:\/\/www.camping-radovljica.com\/en\/#\/schema\/logo\/image\/","url":"https:\/\/www.camping-radovljica.com\/wp-content\/uploads\/2023\/05\/KAMP-BAZEN-RADOVLJICA-logo-2-1-e1704275987144.png","contentUrl":"https:\/\/www.camping-radovljica.com\/wp-content\/uploads\/2023\/05\/KAMP-BAZEN-RADOVLJICA-logo-2-1-e1704275987144.png","width":861,"height":514,"caption":"Kamp in kopali\u0161\u010de Radovljica"},"image":{"@id":"https:\/\/www.camping-radovljica.com\/en\/#\/schema\/logo\/image\/"}}]}},"_links":{"self":[{"href":"https:\/\/www.camping-radovljica.com\/en\/wp-json\/wp\/v2\/pages\/4389","targetHints":{"allow":["GET"]}}],"collection":[{"href":"https:\/\/www.camping-radovljica.com\/en\/wp-json\/wp\/v2\/pages"}],"about":[{"href":"https:\/\/www.camping-radovljica.com\/en\/wp-json\/wp\/v2\/types\/page"}],"author":[{"embeddable":true,"href":"https:\/\/www.camping-radovljica.com\/en\/wp-json\/wp\/v2\/users\/6"}],"replies":[{"embeddable":true,"href":"https:\/\/www.camping-radovljica.com\/en\/wp-json\/wp\/v2\/comments?post=4389"}],"version-history":[{"count":11,"href":"https:\/\/www.camping-radovljica.com\/en\/wp-json\/wp\/v2\/pages\/4389\/revisions"}],"predecessor-version":[{"id":4760,"href":"https:\/\/www.camping-radovljica.com\/en\/wp-json\/wp\/v2\/pages\/4389\/revisions\/4760"}],"wp:attachment":[{"href":"https:\/\/www.camping-radovljica.com\/en\/wp-json\/wp\/v2\/media?parent=4389"}],"curies":[{"name":"wp","href":"https:\/\/api.w.org\/{rel}","templated":true}]}}